{"id":92,"date":"2025-07-25T13:22:03","date_gmt":"2025-07-25T13:22:03","guid":{"rendered":"http:\/\/besterpokerbonus.net\/hjem\/"},"modified":"2025-07-25T13:22:03","modified_gmt":"2025-07-25T13:22:03","slug":"hjem","status":"publish","type":"page","link":"http:\/\/besterpokerbonus.net\/da\/","title":{"rendered":"Hjem"},"content":{"rendered":"<p><img loading=\"lazy\" decoding=\"async\" src=\"billeder\/historier\/abonus.jpg\" alt=\"bedste pokerbonus\" width=\"200\" height=\"200\" style=\"margin: 8px; float: right;\" border=\"0\" \/><\/p>\n<h1><span style=\"font-size: 18pt;\">Bedste pokerbonuskode til alle pokerhjemmesider<\/span><\/h1>\n<p><strong>Bedste pokerbonuskode<\/strong> &#8211; hvorfor er det vigtigt altid at bruge de bedste og nyeste online pokerbonuskoder, n\u00e5r man registrerer sig hos et online pokerrum?<\/p>\n<p>Helt enkelt &#8211; fordi online pokerudbydere konstant tilbyder skiftende bonustilbud og kampagner, og bonuskoderne tjener til at garantere spilleren, at de f\u00e5r den bonus, de \u00f8nsker &#8211; den bedste!<\/p>\n<h2><span style=\"font-size: 14pt;\">Hvordan finder jeg den bedste pokerbonuskode, n\u00e5r jeg lige er ved at tilmelde mig hos et pokerhjemmeside?<\/span><\/h2>\n<p>P\u00e5 vores hjemmeside viser vi den aktuelle bonuskode for alle st\u00f8rre online pokerhjemmesider. Disse koder opdateres konstant, og hvis et pokerhjemmeside k\u00f8rer en aktuel kampagne, finder du altid den rigtige bonuskode her. S\u00e5dan f\u00e5r du altid mest muligt ud af vores bonuskode!<\/p>\n<h2><span style=\"font-size: 14pt;\">Jeg leder efter en pokerhjemmeside at tilmelde mig.<\/span><\/h2>\n<p>Vi har testet de bedste pokerhjemmesider for dig og giver anbefalinger og information om siderne. Du kan selvf\u00f8lgelig blot v\u00e6lge siden med den h\u00f8jeste bonus, men bonussen b\u00f8r ikke v\u00e6re det eneste kriterium.<\/p>\n<p>Faktum er, at mange bonusser er n\u00e6sten umulige for almindelige pokerspillere at optjene og tilbyder relativt lidt udbytte. Dette skyldes, at du f\u00f8rst skal klare bonussen ved at samle spillerpoint ved at spille poker for rigtige penge p\u00e5 siden. De, der sj\u00e6ldent spiller poker, eller kun med meget sm\u00e5 indsatser, kan dog kun delvist drage fordel af nogle online pokerbonusser. Bonusdele, der ikke er frigivet, udl\u00f8ber efter en vis periode \u2013 normalt efter 90 dage.<\/p>\n<h2><span style=\"font-size: 14pt;\">Bedste online pokerbonus for begyndere<\/span><\/h2>\n<p>S\u00e5 hvis du lige er startet eller kun spiller lejlighedsvis, b\u00f8r du for eksempel pr\u00f8ve $400-bonussen fra 888 Poker. Selvom den er lige under gennemsnittet, er bonusfrigivelsesprocessen relativt hurtig. Du beh\u00f8ver i \u00f8vrigt ikke at indtaste en bonuskode her; vi har et s\u00e6rligt bonuslink, se nedenfor!<\/p>\n<p><a href=\"go\/888.html\" target=\"_blank\"><span style=\"text-decoration: underline;\"><strong>Klik her for at g\u00e5 til 888 Poker<\/strong><\/span><\/a> \u2013 download og installer den gratis software, opret en konto, og du er garanteret en $400-bonus (op til 100% p\u00e5 din f\u00f8rste indbetaling). Du kan selvf\u00f8lgelig spille med spillepenge f\u00f8rst og pr\u00f8ve 888 risikofrit. Online pokerbonussen er garanteret!<\/p>\n<h2><span style=\"font-size: 14pt;\">Bedste online pokerbonus for hyppige spillere<\/span><\/h2>\n<p>For en person, der vil spille meget poker og m\u00e5ske ogs\u00e5 placere sportsv\u00e6ddem\u00e5l, anbefaler vi Bet365. Pengene, der indbetales her, kan bruges til poker, casino og sportsv\u00e6ddem\u00e5l uden st\u00f8rre besv\u00e6r. Bonussen er fremragende p\u00e5 250% op til $1.000, og hvert sportsv\u00e6ddem\u00e5l og hvert casinospil bidrager til bonussen.<\/p>\n<p><a href=\"go\/bet365.html\" target=\"_blank\"><strong><span style=\"text-decoration: underline;\">G\u00e5 til Bet365 Poker via dette link,<\/span><\/strong><\/a> og den bedste pokerbonuskode til $1.000 Bet365-bonussen er COACH.<\/p>\n","protected":false},"excerpt":{"rendered":"<p>Bedste pokerbonuskode til alle pokerhjemmesider Bedste pokerbonuskode &#8211; hvorfor er det vigtigt altid at bruge de bedste og nyeste online pokerbonuskoder, n\u00e5r man registrerer sig hos et online pokerrum? Helt enkelt &#8211; fordi online pokerudbydere konstant tilbyder skiftende bonustilbud og kampagner, og bonuskoderne tjener til at garantere spilleren, at de f\u00e5r den bonus, de \u00f8nsker [&hellip;]<\/p>\n","protected":false},"author":2,"featured_media":0,"parent":0,"menu_order":0,"comment_status":"closed","ping_status":"closed","template":"","meta":{"footnotes":""},"class_list":["post-92","page","type-page","status-publish","hentry"],"yoast_head":"<!-- This site is optimized with the Yoast SEO plugin v26.0 - https:\/\/yoast.com\/wordpress\/plugins\/seo\/ -->\n<title>Bedste pokerbonus De bedste online pokerbonusser<\/title>\n<meta name=\"robots\" content=\"index, follow, max-snippet:-1, max-image-preview:large, max-video-preview:-1\" \/>\n<link rel=\"canonical\" href=\"http:\/\/besterpokerbonus.net\/da\/\" \/>\n<meta property=\"og:locale\" content=\"da_DK\" \/>\n<meta property=\"og:type\" content=\"article\" \/>\n<meta property=\"og:title\" content=\"Bedste pokerbonus De bedste online pokerbonusser\" \/>\n<meta property=\"og:description\" content=\"Bedste pokerbonuskode til alle pokerhjemmesider Bedste pokerbonuskode &#8211; hvorfor er det vigtigt altid at bruge de bedste og nyeste online pokerbonuskoder, n\u00e5r man registrerer sig hos et online pokerrum? Helt enkelt &#8211; fordi online pokerudbydere konstant tilbyder skiftende bonustilbud og kampagner, og bonuskoderne tjener til at garantere spilleren, at de f\u00e5r den bonus, de \u00f8nsker [&hellip;]\" \/>\n<meta property=\"og:url\" content=\"http:\/\/besterpokerbonus.net\/da\/\" \/>\n<meta property=\"og:site_name\" content=\"No Blog Title Set\" \/>\n<meta name=\"twitter:card\" content=\"summary_large_image\" \/>\n<meta name=\"twitter:label1\" content=\"Estimeret l\u00e6setid\" \/>\n\t<meta name=\"twitter:data1\" content=\"2 minutter\" \/>\n<script type=\"application\/ld+json\" class=\"yoast-schema-graph\">{\"@context\":\"https:\/\/schema.org\",\"@graph\":[{\"@type\":\"WebPage\",\"@id\":\"http:\/\/besterpokerbonus.net\/da\/\",\"url\":\"http:\/\/besterpokerbonus.net\/da\/\",\"name\":\"Bedste pokerbonus De bedste online pokerbonusser\",\"isPartOf\":{\"@id\":\"http:\/\/besterpokerbonus.net\/da\/#website\"},\"datePublished\":\"2025-07-25T13:22:03+00:00\",\"breadcrumb\":{\"@id\":\"http:\/\/besterpokerbonus.net\/da\/#breadcrumb\"},\"inLanguage\":\"da-DK\",\"potentialAction\":[{\"@type\":\"ReadAction\",\"target\":[\"http:\/\/besterpokerbonus.net\/da\/\"]}]},{\"@type\":\"BreadcrumbList\",\"@id\":\"http:\/\/besterpokerbonus.net\/da\/#breadcrumb\",\"itemListElement\":[{\"@type\":\"ListItem\",\"position\":1,\"name\":\"Home\",\"item\":\"http:\/\/besterpokerbonus.net\/da\/hjem\/\"},{\"@type\":\"ListItem\",\"position\":2,\"name\":\"Hjem\"}]},{\"@type\":\"WebSite\",\"@id\":\"http:\/\/besterpokerbonus.net\/da\/#website\",\"url\":\"http:\/\/besterpokerbonus.net\/da\/\",\"name\":\"No Blog Title Set\",\"description\":\"besterpokerbouns\",\"potentialAction\":[{\"@type\":\"SearchAction\",\"target\":{\"@type\":\"EntryPoint\",\"urlTemplate\":\"http:\/\/besterpokerbonus.net\/da\/?s={search_term_string}\"},\"query-input\":{\"@type\":\"PropertyValueSpecification\",\"valueRequired\":true,\"valueName\":\"search_term_string\"}}],\"inLanguage\":\"da-DK\"}]}<\/script>\n<!-- \/ Yoast SEO plugin. -->","yoast_head_json":{"title":"Bedste pokerbonus De bedste online pokerbonusser","robots":{"index":"index","follow":"follow","max-snippet":"max-snippet:-1","max-image-preview":"max-image-preview:large","max-video-preview":"max-video-preview:-1"},"canonical":"http:\/\/besterpokerbonus.net\/da\/","og_locale":"da_DK","og_type":"article","og_title":"Bedste pokerbonus De bedste online pokerbonusser","og_description":"Bedste pokerbonuskode til alle pokerhjemmesider Bedste pokerbonuskode &#8211; hvorfor er det vigtigt altid at bruge de bedste og nyeste online pokerbonuskoder, n\u00e5r man registrerer sig hos et online pokerrum? Helt enkelt &#8211; fordi online pokerudbydere konstant tilbyder skiftende bonustilbud og kampagner, og bonuskoderne tjener til at garantere spilleren, at de f\u00e5r den bonus, de \u00f8nsker [&hellip;]","og_url":"http:\/\/besterpokerbonus.net\/da\/","og_site_name":"No Blog Title Set","twitter_card":"summary_large_image","twitter_misc":{"Estimeret l\u00e6setid":"2 minutter"},"schema":{"@context":"https:\/\/schema.org","@graph":[{"@type":"WebPage","@id":"http:\/\/besterpokerbonus.net\/da\/","url":"http:\/\/besterpokerbonus.net\/da\/","name":"Bedste pokerbonus De bedste online pokerbonusser","isPartOf":{"@id":"http:\/\/besterpokerbonus.net\/da\/#website"},"datePublished":"2025-07-25T13:22:03+00:00","breadcrumb":{"@id":"http:\/\/besterpokerbonus.net\/da\/#breadcrumb"},"inLanguage":"da-DK","potentialAction":[{"@type":"ReadAction","target":["http:\/\/besterpokerbonus.net\/da\/"]}]},{"@type":"BreadcrumbList","@id":"http:\/\/besterpokerbonus.net\/da\/#breadcrumb","itemListElement":[{"@type":"ListItem","position":1,"name":"Home","item":"http:\/\/besterpokerbonus.net\/da\/hjem\/"},{"@type":"ListItem","position":2,"name":"Hjem"}]},{"@type":"WebSite","@id":"http:\/\/besterpokerbonus.net\/da\/#website","url":"http:\/\/besterpokerbonus.net\/da\/","name":"No Blog Title Set","description":"besterpokerbouns","potentialAction":[{"@type":"SearchAction","target":{"@type":"EntryPoint","urlTemplate":"http:\/\/besterpokerbonus.net\/da\/?s={search_term_string}"},"query-input":{"@type":"PropertyValueSpecification","valueRequired":true,"valueName":"search_term_string"}}],"inLanguage":"da-DK"}]}},"_links":{"self":[{"href":"http:\/\/besterpokerbonus.net\/da\/wp-json\/wp\/v2\/pages\/92","targetHints":{"allow":["GET"]}}],"collection":[{"href":"http:\/\/besterpokerbonus.net\/da\/wp-json\/wp\/v2\/pages"}],"about":[{"href":"http:\/\/besterpokerbonus.net\/da\/wp-json\/wp\/v2\/types\/page"}],"author":[{"embeddable":true,"href":"http:\/\/besterpokerbonus.net\/da\/wp-json\/wp\/v2\/users\/2"}],"replies":[{"embeddable":true,"href":"http:\/\/besterpokerbonus.net\/da\/wp-json\/wp\/v2\/comments?post=92"}],"version-history":[{"count":0,"href":"http:\/\/besterpokerbonus.net\/da\/wp-json\/wp\/v2\/pages\/92\/revisions"}],"wp:attachment":[{"href":"http:\/\/besterpokerbonus.net\/da\/wp-json\/wp\/v2\/media?parent=92"}],"curies":[{"name":"wp","href":"https:\/\/api.w.org\/{rel}","templated":true}]}}