{"id":17,"date":"2025-07-25T13:55:27","date_gmt":"2025-07-25T13:55:27","guid":{"rendered":"http:\/\/besterpokerbonus.net\/?page_id=17"},"modified":"2025-07-25T13:55:27","modified_gmt":"2025-07-25T13:55:27","slug":"haufig-gestellte-fragen-zu-mega-millions","status":"publish","type":"page","link":"http:\/\/besterpokerbonus.net\/en\/tips-fur-spieler\/haufig-gestellte-fragen-zu-mega-millions\/","title":{"rendered":"H\u00e4ufig gestellte Fragen zu Mega Millions"},"content":{"rendered":"<p>Mega Millions ist eine Mehrstaatenlotterie, die in mehreren US-Bundesstaaten gespielt wird. Die erste Ziehung fand 2002 statt, und seitdem hat die Lotterie mehrere Million\u00e4re und eine Reihe von Milliard\u00e4ren hervorgebracht. Dieses Spiel mit hohen Eins\u00e4tzen ist bei den Spielern \u00fcberall beliebt, auch wenn die Gewinnchancen recht hoch sind. Das macht das Spiel nur noch spannender, zumal die Jackpots unglaublich hoch sind. Ein Gewinn in der Mega Millions-Lotterie kann das Leben des Gewinners v\u00f6llig ver\u00e4ndern.<\/p>\n<p>Der erste Schritt zum Lottogewinn ist der Kauf von Lottoscheinen. F\u00fcr diejenigen, die ein wenig mehr Informationen ben\u00f6tigen, sind hier einige h\u00e4ufig gestellte Fragen.<\/p>\n<h2>Wie spielt man die Lotterie?<\/h2>\n<p>Um die <a href=\"https:\/\/simbalotto.com\/de\/online-spielen\/mega-millions\/\" target=\"_blank\" rel=\"noopener\">Mega Millions-Lotterie zu spielen<\/a>, m\u00fcssen die Spieler f\u00fcnf Hauptzahlen von 1 bis 70 und eine Zusatzzahl von 1 bis 25 w\u00e4hlen. Die Zusatzzahl wird als Mega Ball bezeichnet. Sobald Sie Ihre Zahlen ausgew\u00e4hlt haben, nehmen Sie an einer Ziehung teil und warten Sie.<\/p>\n<h2>Wann finden die Ziehungen statt?<\/h2>\n<p>Die Mega Millions-Lotterie hat zwei Ziehungen pro Woche, die jeweils dienstags und freitags um 23:00 Uhr ET in Atlanta, Georgia, stattfinden.<\/p>\n<p>Wie kann ich Spielscheine online kaufen?<br \/>Um Ihre Spielscheine f\u00fcr die Mega Millions-Lotterie zu kaufen, besuchen Sie eine Online-Lotterieseite wie simbalotto.com.<\/p>\n<h2>Wie fordere ich meinen Gewinn an?<\/h2>\n<p>Wenn Sie bei <a href=\"https:\/\/simbalotto.com\/de\/\" target=\"_blank\" rel=\"noopener\">simbalotto.com<\/a> spielen, k\u00f6nnen Sie sich Ihren Gewinn direkt von der Website abheben lassen, ohne dass es zu Problemen kommt.<\/p>\n<p>Kaufen Sie Ihre Mega Millions-Scheine noch heute online. <a href=\"https:\/\/simbalotto.com\/de\/online-spielen\/powerball\/\" target=\"_blank\" rel=\"noopener\">Oder spielen Sie Powerball USA, ebenfalls online.<\/a><\/p>\n","protected":false},"excerpt":{"rendered":"<p>Mega Millions ist eine Mehrstaatenlotterie, die in mehreren US-Bundesstaaten gespielt wird. Die erste Ziehung fand 2002 statt, und seitdem hat die Lotterie mehrere Million\u00e4re und eine Reihe von Milliard\u00e4ren hervorgebracht. Dieses Spiel mit hohen Eins\u00e4tzen ist bei den Spielern \u00fcberall beliebt, auch wenn die Gewinnchancen recht hoch sind. Das macht das Spiel nur noch spannender, [&hellip;]<\/p>\n","protected":false},"author":2,"featured_media":0,"parent":11,"menu_order":0,"comment_status":"closed","ping_status":"closed","template":"","meta":{"footnotes":""},"class_list":["post-17","page","type-page","status-publish","hentry"],"yoast_head":"<!-- This site is optimized with the Yoast SEO plugin v26.0 - https:\/\/yoast.com\/wordpress\/plugins\/seo\/ -->\n<title>H\u00e4ufig gestellte Fragen zu Mega Millions<\/title>\n<meta name=\"robots\" content=\"index, follow, max-snippet:-1, max-image-preview:large, max-video-preview:-1\" \/>\n<link rel=\"canonical\" href=\"http:\/\/besterpokerbonus.net\/en\/tips-fur-spieler\/haufig-gestellte-fragen-zu-mega-millions\/\" \/>\n<meta property=\"og:locale\" content=\"en_US\" \/>\n<meta property=\"og:type\" content=\"article\" \/>\n<meta property=\"og:title\" content=\"H\u00e4ufig gestellte Fragen zu Mega Millions\" \/>\n<meta property=\"og:description\" content=\"Mega Millions ist eine Mehrstaatenlotterie, die in mehreren US-Bundesstaaten gespielt wird. Die erste Ziehung fand 2002 statt, und seitdem hat die Lotterie mehrere Million\u00e4re und eine Reihe von Milliard\u00e4ren hervorgebracht. Dieses Spiel mit hohen Eins\u00e4tzen ist bei den Spielern \u00fcberall beliebt, auch wenn die Gewinnchancen recht hoch sind. Das macht das Spiel nur noch spannender, [&hellip;]\" \/>\n<meta property=\"og:url\" content=\"http:\/\/besterpokerbonus.net\/en\/tips-fur-spieler\/haufig-gestellte-fragen-zu-mega-millions\/\" \/>\n<meta property=\"og:site_name\" content=\"No Blog Title Set\" \/>\n<meta name=\"twitter:card\" content=\"summary_large_image\" \/>\n<script type=\"application\/ld+json\" class=\"yoast-schema-graph\">{\"@context\":\"https:\/\/schema.org\",\"@graph\":[{\"@type\":\"WebPage\",\"@id\":\"http:\/\/besterpokerbonus.net\/en\/tips-fur-spieler\/haufig-gestellte-fragen-zu-mega-millions\/\",\"url\":\"http:\/\/besterpokerbonus.net\/en\/tips-fur-spieler\/haufig-gestellte-fragen-zu-mega-millions\/\",\"name\":\"H\u00e4ufig gestellte Fragen zu Mega Millions\",\"isPartOf\":{\"@id\":\"http:\/\/besterpokerbonus.net\/en\/#website\"},\"datePublished\":\"2025-07-25T13:55:27+00:00\",\"breadcrumb\":{\"@id\":\"http:\/\/besterpokerbonus.net\/en\/tips-fur-spieler\/haufig-gestellte-fragen-zu-mega-millions\/#breadcrumb\"},\"inLanguage\":\"en-US\",\"potentialAction\":[{\"@type\":\"ReadAction\",\"target\":[\"http:\/\/besterpokerbonus.net\/en\/tips-fur-spieler\/haufig-gestellte-fragen-zu-mega-millions\/\"]}]},{\"@type\":\"BreadcrumbList\",\"@id\":\"http:\/\/besterpokerbonus.net\/en\/tips-fur-spieler\/haufig-gestellte-fragen-zu-mega-millions\/#breadcrumb\",\"itemListElement\":[{\"@type\":\"ListItem\",\"position\":1,\"name\":\"Home\",\"item\":\"http:\/\/besterpokerbonus.net\/en\/\"},{\"@type\":\"ListItem\",\"position\":2,\"name\":\"Tips f\u00fcr Spieler\",\"item\":\"http:\/\/besterpokerbonus.net\/en\/tips-fur-spieler\/\"},{\"@type\":\"ListItem\",\"position\":3,\"name\":\"H\u00e4ufig gestellte Fragen zu Mega Millions\"}]},{\"@type\":\"WebSite\",\"@id\":\"http:\/\/besterpokerbonus.net\/en\/#website\",\"url\":\"http:\/\/besterpokerbonus.net\/en\/\",\"name\":\"No Blog Title Set\",\"description\":\"besterpokerbouns\",\"potentialAction\":[{\"@type\":\"SearchAction\",\"target\":{\"@type\":\"EntryPoint\",\"urlTemplate\":\"http:\/\/besterpokerbonus.net\/en\/?s={search_term_string}\"},\"query-input\":{\"@type\":\"PropertyValueSpecification\",\"valueRequired\":true,\"valueName\":\"search_term_string\"}}],\"inLanguage\":\"en-US\"}]}<\/script>\n<!-- \/ Yoast SEO plugin. -->","yoast_head_json":{"title":"H\u00e4ufig gestellte Fragen zu Mega Millions","robots":{"index":"index","follow":"follow","max-snippet":"max-snippet:-1","max-image-preview":"max-image-preview:large","max-video-preview":"max-video-preview:-1"},"canonical":"http:\/\/besterpokerbonus.net\/en\/tips-fur-spieler\/haufig-gestellte-fragen-zu-mega-millions\/","og_locale":"en_US","og_type":"article","og_title":"H\u00e4ufig gestellte Fragen zu Mega Millions","og_description":"Mega Millions ist eine Mehrstaatenlotterie, die in mehreren US-Bundesstaaten gespielt wird. Die erste Ziehung fand 2002 statt, und seitdem hat die Lotterie mehrere Million\u00e4re und eine Reihe von Milliard\u00e4ren hervorgebracht. Dieses Spiel mit hohen Eins\u00e4tzen ist bei den Spielern \u00fcberall beliebt, auch wenn die Gewinnchancen recht hoch sind. Das macht das Spiel nur noch spannender, [&hellip;]","og_url":"http:\/\/besterpokerbonus.net\/en\/tips-fur-spieler\/haufig-gestellte-fragen-zu-mega-millions\/","og_site_name":"No Blog Title Set","twitter_card":"summary_large_image","schema":{"@context":"https:\/\/schema.org","@graph":[{"@type":"WebPage","@id":"http:\/\/besterpokerbonus.net\/en\/tips-fur-spieler\/haufig-gestellte-fragen-zu-mega-millions\/","url":"http:\/\/besterpokerbonus.net\/en\/tips-fur-spieler\/haufig-gestellte-fragen-zu-mega-millions\/","name":"H\u00e4ufig gestellte Fragen zu Mega Millions","isPartOf":{"@id":"http:\/\/besterpokerbonus.net\/en\/#website"},"datePublished":"2025-07-25T13:55:27+00:00","breadcrumb":{"@id":"http:\/\/besterpokerbonus.net\/en\/tips-fur-spieler\/haufig-gestellte-fragen-zu-mega-millions\/#breadcrumb"},"inLanguage":"en-US","potentialAction":[{"@type":"ReadAction","target":["http:\/\/besterpokerbonus.net\/en\/tips-fur-spieler\/haufig-gestellte-fragen-zu-mega-millions\/"]}]},{"@type":"BreadcrumbList","@id":"http:\/\/besterpokerbonus.net\/en\/tips-fur-spieler\/haufig-gestellte-fragen-zu-mega-millions\/#breadcrumb","itemListElement":[{"@type":"ListItem","position":1,"name":"Home","item":"http:\/\/besterpokerbonus.net\/en\/"},{"@type":"ListItem","position":2,"name":"Tips f\u00fcr Spieler","item":"http:\/\/besterpokerbonus.net\/en\/tips-fur-spieler\/"},{"@type":"ListItem","position":3,"name":"H\u00e4ufig gestellte Fragen zu Mega Millions"}]},{"@type":"WebSite","@id":"http:\/\/besterpokerbonus.net\/en\/#website","url":"http:\/\/besterpokerbonus.net\/en\/","name":"No Blog Title Set","description":"besterpokerbouns","potentialAction":[{"@type":"SearchAction","target":{"@type":"EntryPoint","urlTemplate":"http:\/\/besterpokerbonus.net\/en\/?s={search_term_string}"},"query-input":{"@type":"PropertyValueSpecification","valueRequired":true,"valueName":"search_term_string"}}],"inLanguage":"en-US"}]}},"_links":{"self":[{"href":"http:\/\/besterpokerbonus.net\/en\/wp-json\/wp\/v2\/pages\/17","targetHints":{"allow":["GET"]}}],"collection":[{"href":"http:\/\/besterpokerbonus.net\/en\/wp-json\/wp\/v2\/pages"}],"about":[{"href":"http:\/\/besterpokerbonus.net\/en\/wp-json\/wp\/v2\/types\/page"}],"author":[{"embeddable":true,"href":"http:\/\/besterpokerbonus.net\/en\/wp-json\/wp\/v2\/users\/2"}],"replies":[{"embeddable":true,"href":"http:\/\/besterpokerbonus.net\/en\/wp-json\/wp\/v2\/comments?post=17"}],"version-history":[{"count":1,"href":"http:\/\/besterpokerbonus.net\/en\/wp-json\/wp\/v2\/pages\/17\/revisions"}],"predecessor-version":[{"id":18,"href":"http:\/\/besterpokerbonus.net\/en\/wp-json\/wp\/v2\/pages\/17\/revisions\/18"}],"up":[{"embeddable":true,"href":"http:\/\/besterpokerbonus.net\/en\/wp-json\/wp\/v2\/pages\/11"}],"wp:attachment":[{"href":"http:\/\/besterpokerbonus.net\/en\/wp-json\/wp\/v2\/media?parent=17"}],"curies":[{"name":"wp","href":"https:\/\/api.w.org\/{rel}","templated":true}]}}