{"id":19,"date":"2025-07-25T13:56:57","date_gmt":"2025-07-25T13:56:57","guid":{"rendered":"http:\/\/besterpokerbonus.net\/?page_id=19"},"modified":"2025-07-25T13:56:57","modified_gmt":"2025-07-25T13:56:57","slug":"how-to-find-todays-winning-lottery-numbers","status":"publish","type":"page","link":"http:\/\/besterpokerbonus.net\/en\/tips-fur-spieler\/how-to-find-todays-winning-lottery-numbers\/","title":{"rendered":"How to find today\u2019s winning lottery numbers"},"content":{"rendered":"<p>Wenn es darum geht, die neuesten Gewinnzahlen zu finden, m\u00fcssen Sie auf jeden Fall wissen, wo Sie mit der Suche beginnen k\u00f6nnen. Gl\u00fccklicherweise gibt es eine Reihe verschiedener Stellen, an denen Sie die Zahlen abfragen k\u00f6nnen, und sogar mehrere, die Sie dann nutzen k\u00f6nnen, um die n\u00e4chsten Tickets f\u00fcr eine k\u00fcnftige Ziehung dieses Spiels oder eines Ihrer anderen Lieblingsspiele zu kaufen, wenn Sie schon dabei sind.<\/p>\n<h2>Die beste Art zu beginnen<\/h2>\n<p>Der beste Weg, um mit der Suche nach den heutigen Lottozahlen zu beginnen, ist online. Sobald Sie online sind, suchen Sie entweder nach dem Ort, an dem Sie Ihren Schein gekauft haben, oder nach der Lotterie-Website f\u00fcr das jeweilige Spiel, das Sie gespielt haben. Eine dieser beiden Stellen wird schneller als jede andere Quelle die besten Informationen liefern.<\/p>\n<p>Auf der Website der Lotterie k\u00f6nnen Sie die neuesten Gewinnzahlen und sogar \u00e4ltere Zahlen finden. Au\u00dferdem k\u00f6nnen Sie m\u00f6glicherweise mehr \u00fcber die Lotterie herausfinden, z. B. wann die n\u00e4chste Ziehung stattfindet. Auf vielen Websites der jeweiligen Lotterie haben Sie jedoch nicht die M\u00f6glichkeit, zus\u00e4tzliche Lose zu kaufen. Sie m\u00fcssen also woanders hingehen.<\/p>\n<p>Sie k\u00f6nnen Ihre Suche aber auch gleich hier bei simbalotto.com beginnen, wo Sie die neuesten Gewinnzahlen sowie \u00e4ltere Zahlen finden k\u00f6nnen. Au\u00dferdem k\u00f6nnen Sie Scheine f\u00fcr die n\u00e4chste Ziehung oder f\u00fcr verschiedene Spiele kaufen, die Sie vielleicht beim n\u00e4chsten Mal spielen m\u00f6chten. Was k\u00f6nnte besser sein als das? Und das alles an einem Ort, damit es noch bequemer ist.<\/p>\n<h2>Weitere Optionen zum Ausprobieren<\/h2>\n<p>Das sind aber nicht die einzigen beiden Orte, an denen Sie die Lottozahlen finden k\u00f6nnen. Sie k\u00f6nnen auch einen Blick auf Websites werfen, die zus\u00e4tzliche Informationen anbieten, oder sogar auf <a href=\"https:\/\/jackpotlotteryonline.com\/de\/wie-man-spielt\/\" target=\"_blank\" rel=\"noopener\">Nachrichtenseiten aus dem Gebiet, in dem die Ziehung stattfindet.<\/a> Diese Websites k\u00f6nnen Ihnen etwas sp\u00e4ter mehr Informationen geben. Aber sie sind wahrscheinlich nicht so fr\u00fch auf dem neuesten Stand wie die zuvor genannten Websites.<\/p>\n<p>Sie k\u00f6nnen auch in den Zeitungen der Region, in der die Ziehung stattfindet, nachlesen. In diesen Zeitungen finden Sie in der Regel alle Informationen, die Sie ben\u00f6tigen, aber sie werden nicht so h\u00e4ufig aktualisiert. Schlie\u00dflich warten Sie darauf, dass eine physische Zeitung gedruckt und nach der Verlosung ver\u00f6ffentlicht wird. Das kann bedeuten, dass Sie einen Tag oder sogar noch l\u00e4nger warten m\u00fcssen, bis Sie die tats\u00e4chlichen Zahlen f\u00fcr die Ziehung erhalten.<\/p>\n<h2>Was ist zu tun?<\/h2>\n<p>Wenn Sie die Zahlen so schnell wie m\u00f6glich abrufen m\u00f6chten, sollten Sie die oben genannten M\u00f6glichkeiten nutzen. Wenn Sie keine weiteren Tickets kaufen m\u00f6chten oder sich nur f\u00fcr ein einzelnes Spiel interessieren, ist es eine gute Option, direkt auf die Website zu gehen, auf der das Spiel stattfindet. Aber bedenken Sie, dass Sie eine zweite Quelle ben\u00f6tigen, wenn Sie eines dieser Dinge tun m\u00f6chten. In diesem Fall ist <a href=\"https:\/\/simbalotto.com\/de\/\" target=\"_blank\" rel=\"noopener\">Simbalotto.com<\/a> eine gute Wahl. Eine Alternative ist <a href=\"https:\/\/jackpotlotteryonline.com\/de\/\" target=\"_blank\" rel=\"noopener\">Jackpotlottteryonline.com<\/a>, ein weiterer Online-Scheindienst.<\/p>\n","protected":false},"excerpt":{"rendered":"<p>Wenn es darum geht, die neuesten Gewinnzahlen zu finden, m\u00fcssen Sie auf jeden Fall wissen, wo Sie mit der Suche beginnen k\u00f6nnen. Gl\u00fccklicherweise gibt es eine Reihe verschiedener Stellen, an denen Sie die Zahlen abfragen k\u00f6nnen, und sogar mehrere, die Sie dann nutzen k\u00f6nnen, um die n\u00e4chsten Tickets f\u00fcr eine k\u00fcnftige Ziehung dieses Spiels oder [&hellip;]<\/p>\n","protected":false},"author":2,"featured_media":0,"parent":11,"menu_order":0,"comment_status":"closed","ping_status":"closed","template":"","meta":{"footnotes":""},"class_list":["post-19","page","type-page","status-publish","hentry"],"yoast_head":"<!-- This site is optimized with the Yoast SEO plugin v26.0 - https:\/\/yoast.com\/wordpress\/plugins\/seo\/ -->\n<title>Wie kann ich die heutigen Lottozahlen finden?<\/title>\n<meta name=\"robots\" content=\"index, follow, max-snippet:-1, max-image-preview:large, max-video-preview:-1\" \/>\n<link rel=\"canonical\" href=\"http:\/\/besterpokerbonus.net\/en\/tips-fur-spieler\/how-to-find-todays-winning-lottery-numbers\/\" \/>\n<meta property=\"og:locale\" content=\"en_US\" \/>\n<meta property=\"og:type\" content=\"article\" \/>\n<meta property=\"og:title\" content=\"Wie kann ich die heutigen Lottozahlen finden?\" \/>\n<meta property=\"og:description\" content=\"Wenn es darum geht, die neuesten Gewinnzahlen zu finden, m\u00fcssen Sie auf jeden Fall wissen, wo Sie mit der Suche beginnen k\u00f6nnen. Gl\u00fccklicherweise gibt es eine Reihe verschiedener Stellen, an denen Sie die Zahlen abfragen k\u00f6nnen, und sogar mehrere, die Sie dann nutzen k\u00f6nnen, um die n\u00e4chsten Tickets f\u00fcr eine k\u00fcnftige Ziehung dieses Spiels oder [&hellip;]\" \/>\n<meta property=\"og:url\" content=\"http:\/\/besterpokerbonus.net\/en\/tips-fur-spieler\/how-to-find-todays-winning-lottery-numbers\/\" \/>\n<meta property=\"og:site_name\" content=\"No Blog Title Set\" \/>\n<meta name=\"twitter:card\" content=\"summary_large_image\" \/>\n<script type=\"application\/ld+json\" class=\"yoast-schema-graph\">{\"@context\":\"https:\/\/schema.org\",\"@graph\":[{\"@type\":\"WebPage\",\"@id\":\"http:\/\/besterpokerbonus.net\/en\/tips-fur-spieler\/how-to-find-todays-winning-lottery-numbers\/\",\"url\":\"http:\/\/besterpokerbonus.net\/en\/tips-fur-spieler\/how-to-find-todays-winning-lottery-numbers\/\",\"name\":\"Wie kann ich die heutigen Lottozahlen finden?\",\"isPartOf\":{\"@id\":\"http:\/\/besterpokerbonus.net\/en\/#website\"},\"datePublished\":\"2025-07-25T13:56:57+00:00\",\"breadcrumb\":{\"@id\":\"http:\/\/besterpokerbonus.net\/en\/tips-fur-spieler\/how-to-find-todays-winning-lottery-numbers\/#breadcrumb\"},\"inLanguage\":\"en-US\",\"potentialAction\":[{\"@type\":\"ReadAction\",\"target\":[\"http:\/\/besterpokerbonus.net\/en\/tips-fur-spieler\/how-to-find-todays-winning-lottery-numbers\/\"]}]},{\"@type\":\"BreadcrumbList\",\"@id\":\"http:\/\/besterpokerbonus.net\/en\/tips-fur-spieler\/how-to-find-todays-winning-lottery-numbers\/#breadcrumb\",\"itemListElement\":[{\"@type\":\"ListItem\",\"position\":1,\"name\":\"Home\",\"item\":\"http:\/\/besterpokerbonus.net\/en\/\"},{\"@type\":\"ListItem\",\"position\":2,\"name\":\"Tips f\u00fcr Spieler\",\"item\":\"http:\/\/besterpokerbonus.net\/en\/tips-fur-spieler\/\"},{\"@type\":\"ListItem\",\"position\":3,\"name\":\"How to find today\u2019s winning lottery numbers\"}]},{\"@type\":\"WebSite\",\"@id\":\"http:\/\/besterpokerbonus.net\/en\/#website\",\"url\":\"http:\/\/besterpokerbonus.net\/en\/\",\"name\":\"No Blog Title Set\",\"description\":\"besterpokerbouns\",\"potentialAction\":[{\"@type\":\"SearchAction\",\"target\":{\"@type\":\"EntryPoint\",\"urlTemplate\":\"http:\/\/besterpokerbonus.net\/en\/?s={search_term_string}\"},\"query-input\":{\"@type\":\"PropertyValueSpecification\",\"valueRequired\":true,\"valueName\":\"search_term_string\"}}],\"inLanguage\":\"en-US\"}]}<\/script>\n<!-- \/ Yoast SEO plugin. -->","yoast_head_json":{"title":"Wie kann ich die heutigen Lottozahlen finden?","robots":{"index":"index","follow":"follow","max-snippet":"max-snippet:-1","max-image-preview":"max-image-preview:large","max-video-preview":"max-video-preview:-1"},"canonical":"http:\/\/besterpokerbonus.net\/en\/tips-fur-spieler\/how-to-find-todays-winning-lottery-numbers\/","og_locale":"en_US","og_type":"article","og_title":"Wie kann ich die heutigen Lottozahlen finden?","og_description":"Wenn es darum geht, die neuesten Gewinnzahlen zu finden, m\u00fcssen Sie auf jeden Fall wissen, wo Sie mit der Suche beginnen k\u00f6nnen. Gl\u00fccklicherweise gibt es eine Reihe verschiedener Stellen, an denen Sie die Zahlen abfragen k\u00f6nnen, und sogar mehrere, die Sie dann nutzen k\u00f6nnen, um die n\u00e4chsten Tickets f\u00fcr eine k\u00fcnftige Ziehung dieses Spiels oder [&hellip;]","og_url":"http:\/\/besterpokerbonus.net\/en\/tips-fur-spieler\/how-to-find-todays-winning-lottery-numbers\/","og_site_name":"No Blog Title Set","twitter_card":"summary_large_image","schema":{"@context":"https:\/\/schema.org","@graph":[{"@type":"WebPage","@id":"http:\/\/besterpokerbonus.net\/en\/tips-fur-spieler\/how-to-find-todays-winning-lottery-numbers\/","url":"http:\/\/besterpokerbonus.net\/en\/tips-fur-spieler\/how-to-find-todays-winning-lottery-numbers\/","name":"Wie kann ich die heutigen Lottozahlen finden?","isPartOf":{"@id":"http:\/\/besterpokerbonus.net\/en\/#website"},"datePublished":"2025-07-25T13:56:57+00:00","breadcrumb":{"@id":"http:\/\/besterpokerbonus.net\/en\/tips-fur-spieler\/how-to-find-todays-winning-lottery-numbers\/#breadcrumb"},"inLanguage":"en-US","potentialAction":[{"@type":"ReadAction","target":["http:\/\/besterpokerbonus.net\/en\/tips-fur-spieler\/how-to-find-todays-winning-lottery-numbers\/"]}]},{"@type":"BreadcrumbList","@id":"http:\/\/besterpokerbonus.net\/en\/tips-fur-spieler\/how-to-find-todays-winning-lottery-numbers\/#breadcrumb","itemListElement":[{"@type":"ListItem","position":1,"name":"Home","item":"http:\/\/besterpokerbonus.net\/en\/"},{"@type":"ListItem","position":2,"name":"Tips f\u00fcr Spieler","item":"http:\/\/besterpokerbonus.net\/en\/tips-fur-spieler\/"},{"@type":"ListItem","position":3,"name":"How to find today\u2019s winning lottery numbers"}]},{"@type":"WebSite","@id":"http:\/\/besterpokerbonus.net\/en\/#website","url":"http:\/\/besterpokerbonus.net\/en\/","name":"No Blog Title Set","description":"besterpokerbouns","potentialAction":[{"@type":"SearchAction","target":{"@type":"EntryPoint","urlTemplate":"http:\/\/besterpokerbonus.net\/en\/?s={search_term_string}"},"query-input":{"@type":"PropertyValueSpecification","valueRequired":true,"valueName":"search_term_string"}}],"inLanguage":"en-US"}]}},"_links":{"self":[{"href":"http:\/\/besterpokerbonus.net\/en\/wp-json\/wp\/v2\/pages\/19","targetHints":{"allow":["GET"]}}],"collection":[{"href":"http:\/\/besterpokerbonus.net\/en\/wp-json\/wp\/v2\/pages"}],"about":[{"href":"http:\/\/besterpokerbonus.net\/en\/wp-json\/wp\/v2\/types\/page"}],"author":[{"embeddable":true,"href":"http:\/\/besterpokerbonus.net\/en\/wp-json\/wp\/v2\/users\/2"}],"replies":[{"embeddable":true,"href":"http:\/\/besterpokerbonus.net\/en\/wp-json\/wp\/v2\/comments?post=19"}],"version-history":[{"count":1,"href":"http:\/\/besterpokerbonus.net\/en\/wp-json\/wp\/v2\/pages\/19\/revisions"}],"predecessor-version":[{"id":20,"href":"http:\/\/besterpokerbonus.net\/en\/wp-json\/wp\/v2\/pages\/19\/revisions\/20"}],"up":[{"embeddable":true,"href":"http:\/\/besterpokerbonus.net\/en\/wp-json\/wp\/v2\/pages\/11"}],"wp:attachment":[{"href":"http:\/\/besterpokerbonus.net\/en\/wp-json\/wp\/v2\/media?parent=19"}],"curies":[{"name":"wp","href":"https:\/\/api.w.org\/{rel}","templated":true}]}}