{"id":9,"date":"2025-07-25T13:22:03","date_gmt":"2025-07-25T13:22:03","guid":{"rendered":"http:\/\/besterpokerbonus.net\/?page_id=9"},"modified":"2025-07-25T13:22:03","modified_gmt":"2025-07-25T13:22:03","slug":"home","status":"publish","type":"page","link":"http:\/\/besterpokerbonus.net\/en\/","title":{"rendered":"Home"},"content":{"rendered":"<p><img loading=\"lazy\" decoding=\"async\" src=\"images\/stories\/abonus.jpg\" alt=\"bester poker bonus\" width=\"200\" height=\"200\" style=\"margin: 8px; float: right;\" border=\"0\" \/><\/p>\n<h1><span style=\"font-size: 18pt;\">Bester Poker Bonus Code f\u00fcr jede Poker Webseite<\/span><\/h1>\n<p><strong>Bester Poker Bonus Code<\/strong> &#8211; warum ist es wichtig, bei der Neuanmeldung bei einem Online Poker Room immer nur die besten und neuesten Online Poker Bonus Codes zu verwenden?<\/p>\n<p>Ganz einfach &#8211; weil die Online Poker Anbieter st\u00e4ndig wechselnde Bonus Deals und Promotionen offerieren, und die Bonus Codes dienen dazu, dem Spieler zu garantieren, dass er auch den Bonus bekommt, den er will &#8211; den besten n\u00e4mlich!<\/p>\n<h2><span style=\"font-size: 14pt;\">Wie finde ich den besten Poker Bonus Code, wenn ich mich gerade bei einer Poker Webseite anmelden will?<\/span><\/h2>\n<p>Auf unserer Webseite listen wir den jeweils aktuellen Bonus Code f\u00fcr alle gro\u00dfen Online Poker Webseiten. Diese Codes werden st\u00e4ndig aktualisiert und wenn eine Poker Webseite eine aktuelle Promotion macht, dann findet Ihr hier auch immer den richtigen Bonus Code. So holt Ihr mit unserem Bonus Code immer das Maximum heraus!<\/p>\n<h2><span style=\"font-size: 14pt;\">Ich bin auf der Suche nach einer Pokerwebseite, um mich dort neu anzumelden<\/span><\/h2>\n<p>Wir haben die besten Pokerwebseiten f\u00fcr Euch getestet und geben Euch Empfehlungen und Infos zu den Webseiten. Nat\u00fcrlich k\u00f6nnt Ihr auch einfach die Webseite mit dem h\u00f6chsten Bonus ausw\u00e4hlen, aber der Bonus sollte nicht das alleinige Kriterium sein.<\/p>\n<p>Tatsache ist, dass viele Bonusse f\u00fcr normale Pokerspieler kaum erspielbar sind und ihnen nur relativ wenig bringen. Das liegt darin, dass man den Bonus erst frei spielen mu\u00df, indem man durch Pokern um echtes Geld bei der Webseite Spielerpunkte sammelt. Wer aber nur selten pokert, oder nur mit sehr kleinen Eins\u00e4tzen, der kann manche Online Poker Bonusse nur zum Teil ausnutzen. Nicht frei gespielte Bonusanteile verfallen n\u00e4mlich nach einer gewissen Zeit &#8211; meist nach 90 Tagen.<\/p>\n<h2><span style=\"font-size: 14pt;\">Bester Online Poker Bonus f\u00fcr Einsteiger<\/span><\/h2>\n<p>Wer also gerade erst einsteigt oder nur gelegentlich spielt, der sollte es zum Beispiel mit dem 400$ Bonus von 888 Poker versuchen. Der liegt zwar knapp unter dem Durchschnitt, aber hier geht das Freispielen n\u00e4mlich relativ schnell voran. Hier braucht man \u00fcbrigens keinen Bonus Code einzugeben, sondern es gibt bei uns einen speziellen Bonus Link, siehe unten!<\/p>\n<p><a href=\"go\/888.html\" target=\"_blank\"><span style=\"text-decoration: underline;\"><strong>Klicke hier, um zu 888 Poker zu gehen<\/strong><\/span><\/a> &#8211; kostenlose Software downloaden und installieren, Konto erstellen und der Bonus von 400$ (maximal 100% auf die erste Geldeinzahlung) ist Dir sicher. Du kannst nat\u00fcrlich zuerst mit Spielgeld spielen und 888 so risikolos ausprobieren. Der Online Poker Bonus ist Dir aber auf jeden Fall sicher!<\/p>\n<h2><span style=\"font-size: 14pt;\">Bester Online Poker Bonus f\u00fcr Vielspieler<\/span><\/h2>\n<p>F\u00fcr jemanden der viel Poker spielen will, und zudem vielleicht auch noch Sportwetten abschlie\u00dfen will, dem empfehlen wir Bet365. Das eingezahlte Geld kann hier ohne gro\u00dfen Aufwand sowohl f\u00fcr Poker, Casino wie auch f\u00fcr Sportwetten verwendet werden. Der Bonus ist mit 250% bis zu 1000$ hervorragend, und jede Sportwette und jedes Casinospiel helfen, den Bonus auszul\u00f6sen.<\/p>\n<p><a href=\"go\/bet365.html\" target=\"_blank\"><strong><span style=\"text-decoration: underline;\">Zu Bet365 Poker geht es \u00fcber diesen Link,<\/span><\/strong><\/a> und der beste Poker Bonus Code f\u00fcr den 1000$ Bonus von Bet365 lautet COACH.<\/p>\n","protected":false},"excerpt":{"rendered":"<p>Bester Poker Bonus Code f\u00fcr jede Poker Webseite Bester Poker Bonus Code &#8211; warum ist es wichtig, bei der Neuanmeldung bei einem Online Poker Room immer nur die besten und neuesten Online Poker Bonus Codes zu verwenden? Ganz einfach &#8211; weil die Online Poker Anbieter st\u00e4ndig wechselnde Bonus Deals und Promotionen offerieren, und die Bonus [&hellip;]<\/p>\n","protected":false},"author":2,"featured_media":0,"parent":0,"menu_order":0,"comment_status":"closed","ping_status":"closed","template":"","meta":{"footnotes":""},"class_list":["post-9","page","type-page","status-publish","hentry"],"yoast_head":"<!-- This site is optimized with the Yoast SEO plugin v26.0 - https:\/\/yoast.com\/wordpress\/plugins\/seo\/ -->\n<title>Bester Poker Bonus Die besten Online Poker Bonusse<\/title>\n<meta name=\"robots\" content=\"index, follow, max-snippet:-1, max-image-preview:large, max-video-preview:-1\" \/>\n<link rel=\"canonical\" href=\"http:\/\/besterpokerbonus.net\/en\/\" \/>\n<meta property=\"og:locale\" content=\"en_US\" \/>\n<meta property=\"og:type\" content=\"article\" \/>\n<meta property=\"og:title\" content=\"Bester Poker Bonus Die besten Online Poker Bonusse\" \/>\n<meta property=\"og:description\" content=\"Bester Poker Bonus Code f\u00fcr jede Poker Webseite Bester Poker Bonus Code &#8211; warum ist es wichtig, bei der Neuanmeldung bei einem Online Poker Room immer nur die besten und neuesten Online Poker Bonus Codes zu verwenden? Ganz einfach &#8211; weil die Online Poker Anbieter st\u00e4ndig wechselnde Bonus Deals und Promotionen offerieren, und die Bonus [&hellip;]\" \/>\n<meta property=\"og:url\" content=\"http:\/\/besterpokerbonus.net\/en\/\" \/>\n<meta property=\"og:site_name\" content=\"No Blog Title Set\" \/>\n<meta name=\"twitter:card\" content=\"summary_large_image\" \/>\n<script type=\"application\/ld+json\" class=\"yoast-schema-graph\">{\"@context\":\"https:\/\/schema.org\",\"@graph\":[{\"@type\":\"WebPage\",\"@id\":\"http:\/\/besterpokerbonus.net\/en\/\",\"url\":\"http:\/\/besterpokerbonus.net\/en\/\",\"name\":\"Bester Poker Bonus Die besten Online Poker Bonusse\",\"isPartOf\":{\"@id\":\"http:\/\/besterpokerbonus.net\/en\/#website\"},\"datePublished\":\"2025-07-25T13:22:03+00:00\",\"breadcrumb\":{\"@id\":\"http:\/\/besterpokerbonus.net\/en\/#breadcrumb\"},\"inLanguage\":\"en-US\",\"potentialAction\":[{\"@type\":\"ReadAction\",\"target\":[\"http:\/\/besterpokerbonus.net\/en\/\"]}]},{\"@type\":\"BreadcrumbList\",\"@id\":\"http:\/\/besterpokerbonus.net\/en\/#breadcrumb\",\"itemListElement\":[{\"@type\":\"ListItem\",\"position\":1,\"name\":\"Home\",\"item\":\"http:\/\/besterpokerbonus.net\/en\/\"},{\"@type\":\"ListItem\",\"position\":2,\"name\":\"Home\"}]},{\"@type\":\"WebSite\",\"@id\":\"http:\/\/besterpokerbonus.net\/en\/#website\",\"url\":\"http:\/\/besterpokerbonus.net\/en\/\",\"name\":\"No Blog Title Set\",\"description\":\"besterpokerbouns\",\"potentialAction\":[{\"@type\":\"SearchAction\",\"target\":{\"@type\":\"EntryPoint\",\"urlTemplate\":\"http:\/\/besterpokerbonus.net\/en\/?s={search_term_string}\"},\"query-input\":{\"@type\":\"PropertyValueSpecification\",\"valueRequired\":true,\"valueName\":\"search_term_string\"}}],\"inLanguage\":\"en-US\"}]}<\/script>\n<!-- \/ Yoast SEO plugin. -->","yoast_head_json":{"title":"Bester Poker Bonus Die besten Online Poker Bonusse","robots":{"index":"index","follow":"follow","max-snippet":"max-snippet:-1","max-image-preview":"max-image-preview:large","max-video-preview":"max-video-preview:-1"},"canonical":"http:\/\/besterpokerbonus.net\/en\/","og_locale":"en_US","og_type":"article","og_title":"Bester Poker Bonus Die besten Online Poker Bonusse","og_description":"Bester Poker Bonus Code f\u00fcr jede Poker Webseite Bester Poker Bonus Code &#8211; warum ist es wichtig, bei der Neuanmeldung bei einem Online Poker Room immer nur die besten und neuesten Online Poker Bonus Codes zu verwenden? Ganz einfach &#8211; weil die Online Poker Anbieter st\u00e4ndig wechselnde Bonus Deals und Promotionen offerieren, und die Bonus [&hellip;]","og_url":"http:\/\/besterpokerbonus.net\/en\/","og_site_name":"No Blog Title Set","twitter_card":"summary_large_image","schema":{"@context":"https:\/\/schema.org","@graph":[{"@type":"WebPage","@id":"http:\/\/besterpokerbonus.net\/en\/","url":"http:\/\/besterpokerbonus.net\/en\/","name":"Bester Poker Bonus Die besten Online Poker Bonusse","isPartOf":{"@id":"http:\/\/besterpokerbonus.net\/en\/#website"},"datePublished":"2025-07-25T13:22:03+00:00","breadcrumb":{"@id":"http:\/\/besterpokerbonus.net\/en\/#breadcrumb"},"inLanguage":"en-US","potentialAction":[{"@type":"ReadAction","target":["http:\/\/besterpokerbonus.net\/en\/"]}]},{"@type":"BreadcrumbList","@id":"http:\/\/besterpokerbonus.net\/en\/#breadcrumb","itemListElement":[{"@type":"ListItem","position":1,"name":"Home","item":"http:\/\/besterpokerbonus.net\/en\/"},{"@type":"ListItem","position":2,"name":"Home"}]},{"@type":"WebSite","@id":"http:\/\/besterpokerbonus.net\/en\/#website","url":"http:\/\/besterpokerbonus.net\/en\/","name":"No Blog Title Set","description":"besterpokerbouns","potentialAction":[{"@type":"SearchAction","target":{"@type":"EntryPoint","urlTemplate":"http:\/\/besterpokerbonus.net\/en\/?s={search_term_string}"},"query-input":{"@type":"PropertyValueSpecification","valueRequired":true,"valueName":"search_term_string"}}],"inLanguage":"en-US"}]}},"_links":{"self":[{"href":"http:\/\/besterpokerbonus.net\/en\/wp-json\/wp\/v2\/pages\/9","targetHints":{"allow":["GET"]}}],"collection":[{"href":"http:\/\/besterpokerbonus.net\/en\/wp-json\/wp\/v2\/pages"}],"about":[{"href":"http:\/\/besterpokerbonus.net\/en\/wp-json\/wp\/v2\/types\/page"}],"author":[{"embeddable":true,"href":"http:\/\/besterpokerbonus.net\/en\/wp-json\/wp\/v2\/users\/2"}],"replies":[{"embeddable":true,"href":"http:\/\/besterpokerbonus.net\/en\/wp-json\/wp\/v2\/comments?post=9"}],"version-history":[{"count":1,"href":"http:\/\/besterpokerbonus.net\/en\/wp-json\/wp\/v2\/pages\/9\/revisions"}],"predecessor-version":[{"id":10,"href":"http:\/\/besterpokerbonus.net\/en\/wp-json\/wp\/v2\/pages\/9\/revisions\/10"}],"wp:attachment":[{"href":"http:\/\/besterpokerbonus.net\/en\/wp-json\/wp\/v2\/media?parent=9"}],"curies":[{"name":"wp","href":"https:\/\/api.w.org\/{rel}","templated":true}]}}