{"id":91,"date":"2025-07-25T13:22:03","date_gmt":"2025-07-25T13:22:03","guid":{"rendered":"http:\/\/besterpokerbonus.net\/dom\/"},"modified":"2025-07-25T13:22:03","modified_gmt":"2025-07-25T13:22:03","slug":"dom","status":"publish","type":"page","link":"http:\/\/besterpokerbonus.net\/hr\/","title":{"rendered":"Dom"},"content":{"rendered":"<p><img loading=\"lazy\" decoding=\"async\" src=\"slike\/pri\u010de\/abonus.jpg\" alt=\"najbolji poker bonus\" width=\"200\" height=\"200\" style=\"margin: 8px; float: right;\" border=\"0\" \/><\/p>\n<h1><span style=\"font-size: 18pt;\">Najbolji bonus kod za poker za svaku poker web stranicu<\/span><\/h1>\n<p><strong>Najbolji bonus kod za poker<\/strong> &#8211; za\u0161to je va\u017eno uvijek koristiti najbolje i najnovije bonus kodove za online poker prilikom registracije u online poker sobu?<\/p>\n<p>Jednostavno &#8211; jer online poker pru\u017eatelji usluga stalno nude promjenjive bonus ponude i promocije, a bonus kodovi slu\u017ee kako bi igra\u010du jam\u010dili da \u0107e dobiti bonus koji \u017eeli &#8211; najbolji!<\/p>\n<h2><span style=\"font-size: 14pt;\">Kako mogu prona\u0107i najbolji bonus kod za poker kada se tek spremam registrirati na poker web stranicu?<\/span><\/h2>\n<p>Na na\u0161oj web stranici navodimo trenutni bonus kod za sve glavne online poker web stranice. Ovi se kodovi stalno a\u017euriraju, a ako poker web stranica trenutno provodi promociju, ovdje \u0107ete uvijek prona\u0107i pravi bonus kod. Ovako uvijek mo\u017eete maksimalno iskoristiti na\u0161 bonus kod!<\/p>\n<h2><span style=\"font-size: 14pt;\">Tra\u017eim poker web stranicu za registraciju.<\/span><\/h2>\n<p>Testirali smo najbolje poker web stranice za vas i dajemo preporuke i informacije o stranicama. Naravno, mo\u017eete jednostavno odabrati stranicu s najve\u0107im bonusom, ali bonus ne bi trebao biti jedini kriterij.<\/p>\n<p>\u010cinjenica je da su mnogi bonusi gotovo nemogu\u0107i za redovite igra\u010de pokera i nude relativno malo koristi. To je zato \u0161to prvo morate o\u010distiti bonus skupljaju\u0107i bodove igra\u010da igraju\u0107i poker za pravi novac na stranici. Me\u0111utim, oni koji rijetko igraju poker ili samo s vrlo malim ulozima mogu samo djelomi\u010dno iskoristiti neke online poker bonuse. Dijelovi bonusa koji nisu iskori\u0161teni istje\u010du nakon odre\u0111enog vremenskog razdoblja \u2013 obi\u010dno nakon 90 dana.<\/p>\n<h2><span style=\"font-size: 14pt;\">Najbolji online poker bonus za po\u010detnike<\/span><\/h2>\n<p>Dakle, ako tek po\u010dinjete ili igrate samo povremeno, trebali biste isprobati bonus od 400 USD od 888 Pokera, na primjer. Iako je ne\u0161to ispod prosjeka, proces iskori\u0161tenja bonusa je relativno brz. Usput, ovdje ne morate unositi bonus kod; imamo posebnu poveznicu za bonus, pogledajte dolje!<\/p>\n<p><a href=\"go\/888.html\" target=\"_blank\"><span style=\"text-decoration: underline;\"><strong>Kliknite ovdje da biste oti\u0161li na 888 Poker<\/strong><\/span><\/a> \u2013 preuzmite i instalirajte besplatni softver, kreirajte ra\u010dun i zajam\u010den vam je bonus od 400 USD (do 100% na va\u0161 prvi depozit). Naravno, prvo mo\u017eete igrati s virtualnim novcem i isprobati 888 bez rizika. Bonus za online poker je zajam\u010den!<\/p>\n<h2><span style=\"font-size: 14pt;\">Najbolji bonus za online poker za \u010deste igra\u010de<\/span><\/h2>\n<p>Za nekoga tko \u017eeli puno igrati poker i mo\u017eda se i kladiti na sport, preporu\u010dujemo Bet365. Novac upla\u0107en ovdje mo\u017ee se bez puno truda koristiti za poker, kasino i sportsko kla\u0111enje. Bonus je izvrstan s 250% do 1000 USD, a svaka sportska oklada i svaka kasino igra doprinose bonusu.<\/p>\n<p><a href=\"go\/bet365.html\" target=\"_blank\"><strong><span style=\"text-decoration: underline;\">Idite na Bet365 Poker putem ove poveznice,<\/span><\/strong><\/a> i najbolji poker bonus kod za Bet365 bonus od 1000 USD je COACH.<\/p>\n","protected":false},"excerpt":{"rendered":"<p>Najbolji bonus kod za poker za svaku poker web stranicu Najbolji bonus kod za poker &#8211; za\u0161to je va\u017eno uvijek koristiti najbolje i najnovije bonus kodove za online poker prilikom registracije u online poker sobu? Jednostavno &#8211; jer online poker pru\u017eatelji usluga stalno nude promjenjive bonus ponude i promocije, a bonus kodovi slu\u017ee kako bi [&hellip;]<\/p>\n","protected":false},"author":2,"featured_media":0,"parent":0,"menu_order":0,"comment_status":"closed","ping_status":"closed","template":"","meta":{"footnotes":""},"class_list":["post-91","page","type-page","status-publish","hentry"],"yoast_head":"<!-- This site is optimized with the Yoast SEO plugin v26.0 - https:\/\/yoast.com\/wordpress\/plugins\/seo\/ -->\n<title>Najbolji poker bonus Najbolji online poker bonusi<\/title>\n<meta name=\"robots\" content=\"index, follow, max-snippet:-1, max-image-preview:large, max-video-preview:-1\" \/>\n<link rel=\"canonical\" href=\"http:\/\/besterpokerbonus.net\/hr\/\" \/>\n<meta property=\"og:locale\" content=\"hr_HR\" \/>\n<meta property=\"og:type\" content=\"article\" \/>\n<meta property=\"og:title\" content=\"Najbolji poker bonus Najbolji online poker bonusi\" \/>\n<meta property=\"og:description\" content=\"Najbolji bonus kod za poker za svaku poker web stranicu Najbolji bonus kod za poker &#8211; za\u0161to je va\u017eno uvijek koristiti najbolje i najnovije bonus kodove za online poker prilikom registracije u online poker sobu? Jednostavno &#8211; jer online poker pru\u017eatelji usluga stalno nude promjenjive bonus ponude i promocije, a bonus kodovi slu\u017ee kako bi [&hellip;]\" \/>\n<meta property=\"og:url\" content=\"http:\/\/besterpokerbonus.net\/hr\/\" \/>\n<meta property=\"og:site_name\" content=\"No Blog Title Set\" \/>\n<meta name=\"twitter:card\" content=\"summary_large_image\" \/>\n<meta name=\"twitter:label1\" content=\"Procijenjeno vrijeme \u010ditanja\" \/>\n\t<meta name=\"twitter:data1\" content=\"2 minute\" \/>\n<script type=\"application\/ld+json\" class=\"yoast-schema-graph\">{\"@context\":\"https:\/\/schema.org\",\"@graph\":[{\"@type\":\"WebPage\",\"@id\":\"http:\/\/besterpokerbonus.net\/hr\/\",\"url\":\"http:\/\/besterpokerbonus.net\/hr\/\",\"name\":\"Najbolji poker bonus Najbolji online poker bonusi\",\"isPartOf\":{\"@id\":\"http:\/\/besterpokerbonus.net\/hr\/#website\"},\"datePublished\":\"2025-07-25T13:22:03+00:00\",\"breadcrumb\":{\"@id\":\"http:\/\/besterpokerbonus.net\/hr\/#breadcrumb\"},\"inLanguage\":\"hr\",\"potentialAction\":[{\"@type\":\"ReadAction\",\"target\":[\"http:\/\/besterpokerbonus.net\/hr\/\"]}]},{\"@type\":\"BreadcrumbList\",\"@id\":\"http:\/\/besterpokerbonus.net\/hr\/#breadcrumb\",\"itemListElement\":[{\"@type\":\"ListItem\",\"position\":1,\"name\":\"Home\",\"item\":\"http:\/\/besterpokerbonus.net\/hr\/dom\/\"},{\"@type\":\"ListItem\",\"position\":2,\"name\":\"Dom\"}]},{\"@type\":\"WebSite\",\"@id\":\"http:\/\/besterpokerbonus.net\/hr\/#website\",\"url\":\"http:\/\/besterpokerbonus.net\/hr\/\",\"name\":\"No Blog Title Set\",\"description\":\"besterpokerbouns\",\"potentialAction\":[{\"@type\":\"SearchAction\",\"target\":{\"@type\":\"EntryPoint\",\"urlTemplate\":\"http:\/\/besterpokerbonus.net\/hr\/?s={search_term_string}\"},\"query-input\":{\"@type\":\"PropertyValueSpecification\",\"valueRequired\":true,\"valueName\":\"search_term_string\"}}],\"inLanguage\":\"hr\"}]}<\/script>\n<!-- \/ Yoast SEO plugin. -->","yoast_head_json":{"title":"Najbolji poker bonus Najbolji online poker bonusi","robots":{"index":"index","follow":"follow","max-snippet":"max-snippet:-1","max-image-preview":"max-image-preview:large","max-video-preview":"max-video-preview:-1"},"canonical":"http:\/\/besterpokerbonus.net\/hr\/","og_locale":"hr_HR","og_type":"article","og_title":"Najbolji poker bonus Najbolji online poker bonusi","og_description":"Najbolji bonus kod za poker za svaku poker web stranicu Najbolji bonus kod za poker &#8211; za\u0161to je va\u017eno uvijek koristiti najbolje i najnovije bonus kodove za online poker prilikom registracije u online poker sobu? Jednostavno &#8211; jer online poker pru\u017eatelji usluga stalno nude promjenjive bonus ponude i promocije, a bonus kodovi slu\u017ee kako bi [&hellip;]","og_url":"http:\/\/besterpokerbonus.net\/hr\/","og_site_name":"No Blog Title Set","twitter_card":"summary_large_image","twitter_misc":{"Procijenjeno vrijeme \u010ditanja":"2 minute"},"schema":{"@context":"https:\/\/schema.org","@graph":[{"@type":"WebPage","@id":"http:\/\/besterpokerbonus.net\/hr\/","url":"http:\/\/besterpokerbonus.net\/hr\/","name":"Najbolji poker bonus Najbolji online poker bonusi","isPartOf":{"@id":"http:\/\/besterpokerbonus.net\/hr\/#website"},"datePublished":"2025-07-25T13:22:03+00:00","breadcrumb":{"@id":"http:\/\/besterpokerbonus.net\/hr\/#breadcrumb"},"inLanguage":"hr","potentialAction":[{"@type":"ReadAction","target":["http:\/\/besterpokerbonus.net\/hr\/"]}]},{"@type":"BreadcrumbList","@id":"http:\/\/besterpokerbonus.net\/hr\/#breadcrumb","itemListElement":[{"@type":"ListItem","position":1,"name":"Home","item":"http:\/\/besterpokerbonus.net\/hr\/dom\/"},{"@type":"ListItem","position":2,"name":"Dom"}]},{"@type":"WebSite","@id":"http:\/\/besterpokerbonus.net\/hr\/#website","url":"http:\/\/besterpokerbonus.net\/hr\/","name":"No Blog Title Set","description":"besterpokerbouns","potentialAction":[{"@type":"SearchAction","target":{"@type":"EntryPoint","urlTemplate":"http:\/\/besterpokerbonus.net\/hr\/?s={search_term_string}"},"query-input":{"@type":"PropertyValueSpecification","valueRequired":true,"valueName":"search_term_string"}}],"inLanguage":"hr"}]}},"_links":{"self":[{"href":"http:\/\/besterpokerbonus.net\/hr\/wp-json\/wp\/v2\/pages\/91","targetHints":{"allow":["GET"]}}],"collection":[{"href":"http:\/\/besterpokerbonus.net\/hr\/wp-json\/wp\/v2\/pages"}],"about":[{"href":"http:\/\/besterpokerbonus.net\/hr\/wp-json\/wp\/v2\/types\/page"}],"author":[{"embeddable":true,"href":"http:\/\/besterpokerbonus.net\/hr\/wp-json\/wp\/v2\/users\/2"}],"replies":[{"embeddable":true,"href":"http:\/\/besterpokerbonus.net\/hr\/wp-json\/wp\/v2\/comments?post=91"}],"version-history":[{"count":0,"href":"http:\/\/besterpokerbonus.net\/hr\/wp-json\/wp\/v2\/pages\/91\/revisions"}],"wp:attachment":[{"href":"http:\/\/besterpokerbonus.net\/hr\/wp-json\/wp\/v2\/media?parent=91"}],"curies":[{"name":"wp","href":"https:\/\/api.w.org\/{rel}","templated":true}]}}