{"id":98,"date":"2025-07-25T13:22:03","date_gmt":"2025-07-25T13:22:03","guid":{"rendered":"http:\/\/besterpokerbonus.net\/otthon\/"},"modified":"2025-07-25T13:22:03","modified_gmt":"2025-07-25T13:22:03","slug":"otthon","status":"publish","type":"page","link":"http:\/\/besterpokerbonus.net\/hu\/","title":{"rendered":"Otthon"},"content":{"rendered":"<p><img loading=\"lazy\" decoding=\"async\" src=\"images\/stories\/abonus.jpg\" alt=\"legjobb p\u00f3ker b\u00f3nusz\" width=\"200\" height=\"200\" style=\"margin: 8px; float: right;\" border=\"0\" \/><\/p>\n<h1><span style=\"font-size: 18pt;\">A legjobb p\u00f3ker b\u00f3nuszk\u00f3d minden p\u00f3ker weboldalhoz<\/span><\/h1>\n<p><strong>A legjobb p\u00f3ker b\u00f3nuszk\u00f3d<\/strong> &#8211; mi\u00e9rt fontos mindig a legjobb \u00e9s leg\u00fajabb online p\u00f3ker b\u00f3nuszk\u00f3dokat haszn\u00e1lni, amikor online p\u00f3kerterembe regisztr\u00e1lsz?<\/p>\n<p>Eg\u00e9szen egyszer\u0171en &#8211; mert az online p\u00f3ker szolg\u00e1ltat\u00f3k folyamatosan v\u00e1ltoz\u00f3 b\u00f3nuszaj\u00e1nlatokat \u00e9s prom\u00f3ci\u00f3kat k\u00edn\u00e1lnak, \u00e9s a b\u00f3nuszk\u00f3dok garant\u00e1lj\u00e1k a j\u00e1t\u00e9kosnak, hogy megkapja a k\u00edv\u00e1nt b\u00f3nuszt &#8211; a legjobbat!<\/p>\n<h2><span style=\"font-size: 14pt;\">Hogyan tal\u00e1lom meg a legjobb p\u00f3ker b\u00f3nuszk\u00f3dot, amikor \u00e9ppen egy p\u00f3ker weboldalra k\u00e9sz\u00fcl\u00f6k regisztr\u00e1lni?<\/span><\/h2>\n<p>Weboldalunkon felsoroljuk az \u00f6sszes nagyobb online p\u00f3ker weboldal aktu\u00e1lis b\u00f3nuszk\u00f3dj\u00e1t. Ezeket a k\u00f3dokat folyamatosan friss\u00edtj\u00fck, \u00e9s ha egy p\u00f3ker weboldal aktu\u00e1lis prom\u00f3ci\u00f3t futtat, itt mindig megtal\u00e1lod a megfelel\u0151 b\u00f3nuszk\u00f3dot. \u00cdgy hozhatod ki mindig a legt\u00f6bbet a b\u00f3nuszk\u00f3dunkb\u00f3l!<\/p>\n<h2><span style=\"font-size: 14pt;\">P\u00f3ker weboldalt keresek, ahov\u00e1 regisztr\u00e1lhatok.<\/span><\/h2>\n<p>Kipr\u00f3b\u00e1ltuk a legjobb p\u00f3ker weboldalakat, \u00e9s aj\u00e1nl\u00e1sokat, valamint inform\u00e1ci\u00f3kat ny\u00fajtunk az oldalakr\u00f3l. Term\u00e9szetesen egyszer\u0171en kiv\u00e1laszthatod a legmagasabb b\u00f3nuszt k\u00edn\u00e1l\u00f3 oldalt, de a b\u00f3nusz nem lehet az egyetlen krit\u00e9rium.<\/p>\n<p>A t\u00e9ny az, hogy sok b\u00f3nusz szinte lehetetlen a rendszeres p\u00f3kerj\u00e1t\u00e9kosok sz\u00e1m\u00e1ra, \u00e9s viszonylag kev\u00e9s el\u0151nyt k\u00edn\u00e1lnak. Ez az\u00e9rt van, mert el\u0151sz\u00f6r meg kell szerezned a b\u00f3nuszt j\u00e1t\u00e9kospontok gy\u0171jt\u00e9s\u00e9vel, val\u00f3di p\u00e9nzes p\u00f3kerez\u00e9ssel az oldalon. Azonban azok, akik ritk\u00e1n j\u00e1tszanak p\u00f3kert, vagy csak nagyon kis t\u00e9tekkel, csak r\u00e9szben tudj\u00e1k kihaszn\u00e1lni az online p\u00f3ker b\u00f3nuszok egy r\u00e9sz\u00e9t. A fel nem haszn\u00e1lt b\u00f3nuszr\u00e9szek egy bizonyos id\u0151 eltelt\u00e9vel lej\u00e1rnak \u2013 \u00e1ltal\u00e1ban 90 nap ut\u00e1n.<\/p>\n<h2><span style=\"font-size: 14pt;\">A legjobb online p\u00f3ker b\u00f3nusz kezd\u0151knek<\/span><\/h2>\n<p>Teh\u00e1t, ha most kezded, vagy csak alkalmank\u00e9nt j\u00e1tszol, pr\u00f3b\u00e1ld ki p\u00e9ld\u00e1ul a 888 Poker 400 doll\u00e1ros b\u00f3nusz\u00e1t. B\u00e1r ez valamivel az \u00e1tlag alatt van, a b\u00f3nusz felold\u00e1si folyamata viszonylag gyors. Egy\u00e9bk\u00e9nt itt nem kell b\u00f3nuszk\u00f3dot megadnod; van egy speci\u00e1lis b\u00f3nuszlink\u00fcnk, l\u00e1sd al\u00e1bb!<\/p>\n<p><a href=\"go\/888.html\" target=\"_blank\"><span style=\"text-decoration: underline;\"><strong>Kattints ide a 888 Poker oldal\u00e1nak el\u00e9r\u00e9s\u00e9hez<\/strong><\/span><\/a> \u2013 t\u00f6ltsd le \u00e9s telep\u00edtsd az ingyenes szoftvert, hozz l\u00e9tre egy fi\u00f3kot, \u00e9s garant\u00e1ltan 400 doll\u00e1ros b\u00f3nuszt kapsz (az els\u0151 befizet\u00e9sed ak\u00e1r 100%-a). Term\u00e9szetesen el\u0151sz\u00f6r j\u00e1tszhatsz j\u00e1t\u00e9kp\u00e9nzzel, \u00e9s kock\u00e1zatmentesen kipr\u00f3b\u00e1lhatod a 888-at. Az online p\u00f3ker b\u00f3nusz garant\u00e1lt!<\/p>\n<h2><span style=\"font-size: 14pt;\">A legjobb online p\u00f3ker b\u00f3nusz gyakori j\u00e1t\u00e9kosoknak<\/span><\/h2>\n<p>Azoknak, akik sokat szeretn\u00e9nek p\u00f3kerezni, \u00e9s esetleg sportfogad\u00e1sokat is k\u00f6tni, a Bet365-\u00f6t aj\u00e1nljuk. Az itt befizetett p\u00e9nzt k\u00f6nnyed\u00e9n felhaszn\u00e1lhatod p\u00f3kerre, kaszin\u00f3ra \u00e9s sportfogad\u00e1sra. A b\u00f3nusz kiv\u00e1l\u00f3, 250% ak\u00e1r 1000 doll\u00e1rig, \u00e9s minden sportfogad\u00e1s \u00e9s minden kaszin\u00f3j\u00e1t\u00e9k hozz\u00e1j\u00e1rul a b\u00f3nuszhoz.<\/p>\n<p><a href=\"go\/bet365.html\" target=\"_blank\"><strong><span style=\"text-decoration: underline;\">L\u00e1togass el a Bet365 Poker oldal\u00e1ra ezen a linken kereszt\u00fcl,<\/span><\/strong><\/a> \u00e9s a legjobb p\u00f3ker b\u00f3nuszk\u00f3d az 1000 doll\u00e1ros Bet365 b\u00f3nuszhoz a COACH.<\/p>\n","protected":false},"excerpt":{"rendered":"<p>A legjobb p\u00f3ker b\u00f3nuszk\u00f3d minden p\u00f3ker weboldalhoz A legjobb p\u00f3ker b\u00f3nuszk\u00f3d &#8211; mi\u00e9rt fontos mindig a legjobb \u00e9s leg\u00fajabb online p\u00f3ker b\u00f3nuszk\u00f3dokat haszn\u00e1lni, amikor online p\u00f3kerterembe regisztr\u00e1lsz? Eg\u00e9szen egyszer\u0171en &#8211; mert az online p\u00f3ker szolg\u00e1ltat\u00f3k folyamatosan v\u00e1ltoz\u00f3 b\u00f3nuszaj\u00e1nlatokat \u00e9s prom\u00f3ci\u00f3kat k\u00edn\u00e1lnak, \u00e9s a b\u00f3nuszk\u00f3dok garant\u00e1lj\u00e1k a j\u00e1t\u00e9kosnak, hogy megkapja a k\u00edv\u00e1nt b\u00f3nuszt &#8211; a legjobbat! [&hellip;]<\/p>\n","protected":false},"author":2,"featured_media":0,"parent":0,"menu_order":0,"comment_status":"closed","ping_status":"closed","template":"","meta":{"footnotes":""},"class_list":["post-98","page","type-page","status-publish","hentry"],"yoast_head":"<!-- This site is optimized with the Yoast SEO plugin v26.0 - https:\/\/yoast.com\/wordpress\/plugins\/seo\/ -->\n<title>Legjobb p\u00f3ker b\u00f3nusz A legjobb online p\u00f3ker b\u00f3nuszok<\/title>\n<meta name=\"robots\" content=\"index, follow, max-snippet:-1, max-image-preview:large, max-video-preview:-1\" \/>\n<link rel=\"canonical\" href=\"http:\/\/besterpokerbonus.net\/hu\/\" \/>\n<meta property=\"og:locale\" content=\"hu_HU\" \/>\n<meta property=\"og:type\" content=\"article\" \/>\n<meta property=\"og:title\" content=\"Legjobb p\u00f3ker b\u00f3nusz A legjobb online p\u00f3ker b\u00f3nuszok\" \/>\n<meta property=\"og:description\" content=\"A legjobb p\u00f3ker b\u00f3nuszk\u00f3d minden p\u00f3ker weboldalhoz A legjobb p\u00f3ker b\u00f3nuszk\u00f3d &#8211; mi\u00e9rt fontos mindig a legjobb \u00e9s leg\u00fajabb online p\u00f3ker b\u00f3nuszk\u00f3dokat haszn\u00e1lni, amikor online p\u00f3kerterembe regisztr\u00e1lsz? Eg\u00e9szen egyszer\u0171en &#8211; mert az online p\u00f3ker szolg\u00e1ltat\u00f3k folyamatosan v\u00e1ltoz\u00f3 b\u00f3nuszaj\u00e1nlatokat \u00e9s prom\u00f3ci\u00f3kat k\u00edn\u00e1lnak, \u00e9s a b\u00f3nuszk\u00f3dok garant\u00e1lj\u00e1k a j\u00e1t\u00e9kosnak, hogy megkapja a k\u00edv\u00e1nt b\u00f3nuszt &#8211; a legjobbat! [&hellip;]\" \/>\n<meta property=\"og:url\" content=\"http:\/\/besterpokerbonus.net\/hu\/\" \/>\n<meta property=\"og:site_name\" content=\"No Blog Title Set\" \/>\n<meta name=\"twitter:card\" content=\"summary_large_image\" \/>\n<meta name=\"twitter:label1\" content=\"Becs\u00fclt olvas\u00e1si id\u0151\" \/>\n\t<meta name=\"twitter:data1\" content=\"3 perc\" \/>\n<script type=\"application\/ld+json\" class=\"yoast-schema-graph\">{\"@context\":\"https:\/\/schema.org\",\"@graph\":[{\"@type\":\"WebPage\",\"@id\":\"http:\/\/besterpokerbonus.net\/hu\/\",\"url\":\"http:\/\/besterpokerbonus.net\/hu\/\",\"name\":\"Legjobb p\u00f3ker b\u00f3nusz A legjobb online p\u00f3ker b\u00f3nuszok\",\"isPartOf\":{\"@id\":\"http:\/\/besterpokerbonus.net\/hu\/#website\"},\"datePublished\":\"2025-07-25T13:22:03+00:00\",\"breadcrumb\":{\"@id\":\"http:\/\/besterpokerbonus.net\/hu\/#breadcrumb\"},\"inLanguage\":\"hu\",\"potentialAction\":[{\"@type\":\"ReadAction\",\"target\":[\"http:\/\/besterpokerbonus.net\/hu\/\"]}]},{\"@type\":\"BreadcrumbList\",\"@id\":\"http:\/\/besterpokerbonus.net\/hu\/#breadcrumb\",\"itemListElement\":[{\"@type\":\"ListItem\",\"position\":1,\"name\":\"Home\",\"item\":\"http:\/\/besterpokerbonus.net\/hu\/\"},{\"@type\":\"ListItem\",\"position\":2,\"name\":\"Otthon\"}]},{\"@type\":\"WebSite\",\"@id\":\"http:\/\/besterpokerbonus.net\/hu\/#website\",\"url\":\"http:\/\/besterpokerbonus.net\/hu\/\",\"name\":\"No Blog Title Set\",\"description\":\"besterpokerbouns\",\"potentialAction\":[{\"@type\":\"SearchAction\",\"target\":{\"@type\":\"EntryPoint\",\"urlTemplate\":\"http:\/\/besterpokerbonus.net\/hu\/?s={search_term_string}\"},\"query-input\":{\"@type\":\"PropertyValueSpecification\",\"valueRequired\":true,\"valueName\":\"search_term_string\"}}],\"inLanguage\":\"hu\"}]}<\/script>\n<!-- \/ Yoast SEO plugin. -->","yoast_head_json":{"title":"Legjobb p\u00f3ker b\u00f3nusz A legjobb online p\u00f3ker b\u00f3nuszok","robots":{"index":"index","follow":"follow","max-snippet":"max-snippet:-1","max-image-preview":"max-image-preview:large","max-video-preview":"max-video-preview:-1"},"canonical":"http:\/\/besterpokerbonus.net\/hu\/","og_locale":"hu_HU","og_type":"article","og_title":"Legjobb p\u00f3ker b\u00f3nusz A legjobb online p\u00f3ker b\u00f3nuszok","og_description":"A legjobb p\u00f3ker b\u00f3nuszk\u00f3d minden p\u00f3ker weboldalhoz A legjobb p\u00f3ker b\u00f3nuszk\u00f3d &#8211; mi\u00e9rt fontos mindig a legjobb \u00e9s leg\u00fajabb online p\u00f3ker b\u00f3nuszk\u00f3dokat haszn\u00e1lni, amikor online p\u00f3kerterembe regisztr\u00e1lsz? Eg\u00e9szen egyszer\u0171en &#8211; mert az online p\u00f3ker szolg\u00e1ltat\u00f3k folyamatosan v\u00e1ltoz\u00f3 b\u00f3nuszaj\u00e1nlatokat \u00e9s prom\u00f3ci\u00f3kat k\u00edn\u00e1lnak, \u00e9s a b\u00f3nuszk\u00f3dok garant\u00e1lj\u00e1k a j\u00e1t\u00e9kosnak, hogy megkapja a k\u00edv\u00e1nt b\u00f3nuszt &#8211; a legjobbat! [&hellip;]","og_url":"http:\/\/besterpokerbonus.net\/hu\/","og_site_name":"No Blog Title Set","twitter_card":"summary_large_image","twitter_misc":{"Becs\u00fclt olvas\u00e1si id\u0151":"3 perc"},"schema":{"@context":"https:\/\/schema.org","@graph":[{"@type":"WebPage","@id":"http:\/\/besterpokerbonus.net\/hu\/","url":"http:\/\/besterpokerbonus.net\/hu\/","name":"Legjobb p\u00f3ker b\u00f3nusz A legjobb online p\u00f3ker b\u00f3nuszok","isPartOf":{"@id":"http:\/\/besterpokerbonus.net\/hu\/#website"},"datePublished":"2025-07-25T13:22:03+00:00","breadcrumb":{"@id":"http:\/\/besterpokerbonus.net\/hu\/#breadcrumb"},"inLanguage":"hu","potentialAction":[{"@type":"ReadAction","target":["http:\/\/besterpokerbonus.net\/hu\/"]}]},{"@type":"BreadcrumbList","@id":"http:\/\/besterpokerbonus.net\/hu\/#breadcrumb","itemListElement":[{"@type":"ListItem","position":1,"name":"Home","item":"http:\/\/besterpokerbonus.net\/hu\/"},{"@type":"ListItem","position":2,"name":"Otthon"}]},{"@type":"WebSite","@id":"http:\/\/besterpokerbonus.net\/hu\/#website","url":"http:\/\/besterpokerbonus.net\/hu\/","name":"No Blog Title Set","description":"besterpokerbouns","potentialAction":[{"@type":"SearchAction","target":{"@type":"EntryPoint","urlTemplate":"http:\/\/besterpokerbonus.net\/hu\/?s={search_term_string}"},"query-input":{"@type":"PropertyValueSpecification","valueRequired":true,"valueName":"search_term_string"}}],"inLanguage":"hu"}]}},"_links":{"self":[{"href":"http:\/\/besterpokerbonus.net\/hu\/wp-json\/wp\/v2\/pages\/98","targetHints":{"allow":["GET"]}}],"collection":[{"href":"http:\/\/besterpokerbonus.net\/hu\/wp-json\/wp\/v2\/pages"}],"about":[{"href":"http:\/\/besterpokerbonus.net\/hu\/wp-json\/wp\/v2\/types\/page"}],"author":[{"embeddable":true,"href":"http:\/\/besterpokerbonus.net\/hu\/wp-json\/wp\/v2\/users\/2"}],"replies":[{"embeddable":true,"href":"http:\/\/besterpokerbonus.net\/hu\/wp-json\/wp\/v2\/comments?post=98"}],"version-history":[{"count":0,"href":"http:\/\/besterpokerbonus.net\/hu\/wp-json\/wp\/v2\/pages\/98\/revisions"}],"wp:attachment":[{"href":"http:\/\/besterpokerbonus.net\/hu\/wp-json\/wp\/v2\/media?parent=98"}],"curies":[{"name":"wp","href":"https:\/\/api.w.org\/{rel}","templated":true}]}}