{"id":99,"date":"2025-07-25T13:22:03","date_gmt":"2025-07-25T13:22:03","guid":{"rendered":"http:\/\/besterpokerbonus.net\/casa\/"},"modified":"2025-07-25T13:22:03","modified_gmt":"2025-07-25T13:22:03","slug":"casa","status":"publish","type":"page","link":"http:\/\/besterpokerbonus.net\/it\/","title":{"rendered":"Casa"},"content":{"rendered":"<p><img loading=\"lazy\" decoding=\"async\" src=\"images\/stories\/abonus.jpg\" alt=\"miglior bonus poker\" width=\"200\" height=\"200\" style=\"margin: 8px; float: right;\" border=\"0\" \/><\/p>\n<h1><span style=\"font-size: 18pt;\">Il miglior codice bonus poker per ogni sito web di poker<\/span><\/h1>\n<p><strong>Il miglior codice bonus poker<\/strong>: perch\u00e9 \u00e8 importante utilizzare sempre i migliori e pi\u00f9 recenti codici bonus poker online quando ci si registra su una sala da poker online?<\/p>\n<p>Molto semplicemente: perch\u00e9 i provider di poker online offrono costantemente bonus e promozioni in continua evoluzione, e i codici bonus servono a garantire al giocatore di ottenere il bonus desiderato: il migliore!<\/p>\n<h2><span style=\"font-size: 14pt;\">Come faccio a trovare il miglior codice bonus poker quando sto per registrarmi su un sito web di poker?<\/span><\/h2>\n<p>Sul nostro sito web, elenchiamo i codici bonus aggiornati per tutti i principali siti web di poker online. Questi codici vengono costantemente aggiornati e, se un sito web di poker offre una promozione in corso, troverai sempre il codice bonus giusto qui. Ecco come ottenere sempre il massimo dal nostro codice bonus!<\/p>\n<h2><span style=\"font-size: 14pt;\">Sto cercando un sito web di poker a cui iscrivermi.<\/span><\/h2>\n<p>Abbiamo testato per te i migliori siti web di poker e forniamo consigli e informazioni su di essi. Naturalmente, puoi semplicemente scegliere il sito con il bonus pi\u00f9 alto, ma il bonus non dovrebbe essere l&#8217;unico criterio.<\/p>\n<p>Il fatto \u00e8 che molti bonus sono quasi impossibili da ottenere per i giocatori di poker abituali e offrono relativamente pochi vantaggi. Questo perch\u00e9 prima devi sbloccare il bonus accumulando punti giocatore giocando a poker con soldi veri sul sito. Tuttavia, chi gioca raramente a poker, o solo con puntate molto basse, pu\u00f2 usufruire solo parzialmente di alcuni bonus del poker online. Le quote bonus che non vengono riscattate scadono dopo un certo periodo di tempo, di solito dopo 90 giorni.<\/p>\n<h2><span style=\"font-size: 14pt;\">Il miglior bonus di poker online per principianti<\/span><\/h2>\n<p>Quindi, se stai appena iniziando o giochi solo occasionalmente, dovresti provare il bonus di 400 $ di 888 Poker, ad esempio. Sebbene sia leggermente al di sotto della media, il processo di riscatto del bonus \u00e8 relativamente rapido. A proposito, non \u00e8 necessario inserire un codice bonus qui; abbiamo un link bonus speciale, vedi sotto!<\/p>\n<p><a href=\"go\/888.html\" target=\"_blank\"><span style=\"text-decoration: underline;\"><strong>Clicca qui per andare su 888 Poker<\/strong><\/span><\/a>: scarica e installa il software gratuito, crea un account e ti verr\u00e0 garantito un bonus di 400 $ (fino al 100% sul tuo primo deposito). Naturalmente, puoi giocare prima con soldi finti e provare 888 senza rischi. Il bonus poker online \u00e8 garantito!<\/p>\n<h2><span style=\"font-size: 14pt;\">Il miglior bonus poker online per giocatori abituali<\/span><\/h2>\n<p>Per chi vuole giocare molto a poker e magari anche piazzare scommesse sportive, consigliamo Bet365. Il denaro depositato qui pu\u00f2 essere utilizzato per poker, casin\u00f2 e scommesse sportive senza troppi sforzi. Il bonus \u00e8 eccellente, del 250% fino a 1.000 $, e ogni scommessa sportiva e ogni gioco da casin\u00f2 contribuisce al bonus.<\/p>\n<p><a href=\"go\/bet365.html\" target=\"_blank\"><strong><span style=\"text-decoration: underline;\">Vai su Bet365 Poker tramite questo link,<\/span><\/strong><\/a> e il miglior codice bonus poker per il bonus Bet365 da 1.000 $ \u00e8 COACH.<\/p>\n","protected":false},"excerpt":{"rendered":"<p>Il miglior codice bonus poker per ogni sito web di poker Il miglior codice bonus poker: perch\u00e9 \u00e8 importante utilizzare sempre i migliori e pi\u00f9 recenti codici bonus poker online quando ci si registra su una sala da poker online? Molto semplicemente: perch\u00e9 i provider di poker online offrono costantemente bonus e promozioni in continua [&hellip;]<\/p>\n","protected":false},"author":2,"featured_media":0,"parent":0,"menu_order":0,"comment_status":"closed","ping_status":"closed","template":"","meta":{"footnotes":""},"class_list":["post-99","page","type-page","status-publish","hentry"],"yoast_head":"<!-- This site is optimized with the Yoast SEO plugin v26.0 - https:\/\/yoast.com\/wordpress\/plugins\/seo\/ -->\n<title>I migliori bonus del poker I migliori bonus del poker online<\/title>\n<meta name=\"robots\" content=\"index, follow, max-snippet:-1, max-image-preview:large, max-video-preview:-1\" \/>\n<link rel=\"canonical\" href=\"http:\/\/besterpokerbonus.net\/it\/\" \/>\n<meta property=\"og:locale\" content=\"it_IT\" \/>\n<meta property=\"og:type\" content=\"article\" \/>\n<meta property=\"og:title\" content=\"I migliori bonus del poker I migliori bonus del poker online\" \/>\n<meta property=\"og:description\" content=\"Il miglior codice bonus poker per ogni sito web di poker Il miglior codice bonus poker: perch\u00e9 \u00e8 importante utilizzare sempre i migliori e pi\u00f9 recenti codici bonus poker online quando ci si registra su una sala da poker online? Molto semplicemente: perch\u00e9 i provider di poker online offrono costantemente bonus e promozioni in continua [&hellip;]\" \/>\n<meta property=\"og:url\" content=\"http:\/\/besterpokerbonus.net\/it\/\" \/>\n<meta property=\"og:site_name\" content=\"No Blog Title Set\" \/>\n<meta name=\"twitter:card\" content=\"summary_large_image\" \/>\n<meta name=\"twitter:label1\" content=\"Tempo di lettura stimato\" \/>\n\t<meta name=\"twitter:data1\" content=\"2 minuti\" \/>\n<script type=\"application\/ld+json\" class=\"yoast-schema-graph\">{\"@context\":\"https:\/\/schema.org\",\"@graph\":[{\"@type\":\"WebPage\",\"@id\":\"http:\/\/besterpokerbonus.net\/it\/\",\"url\":\"http:\/\/besterpokerbonus.net\/it\/\",\"name\":\"I migliori bonus del poker I migliori bonus del poker online\",\"isPartOf\":{\"@id\":\"http:\/\/besterpokerbonus.net\/it\/#website\"},\"datePublished\":\"2025-07-25T13:22:03+00:00\",\"breadcrumb\":{\"@id\":\"http:\/\/besterpokerbonus.net\/it\/#breadcrumb\"},\"inLanguage\":\"it-IT\",\"potentialAction\":[{\"@type\":\"ReadAction\",\"target\":[\"http:\/\/besterpokerbonus.net\/it\/\"]}]},{\"@type\":\"BreadcrumbList\",\"@id\":\"http:\/\/besterpokerbonus.net\/it\/#breadcrumb\",\"itemListElement\":[{\"@type\":\"ListItem\",\"position\":1,\"name\":\"Home\",\"item\":\"http:\/\/besterpokerbonus.net\/it\/\"},{\"@type\":\"ListItem\",\"position\":2,\"name\":\"Casa\"}]},{\"@type\":\"WebSite\",\"@id\":\"http:\/\/besterpokerbonus.net\/it\/#website\",\"url\":\"http:\/\/besterpokerbonus.net\/it\/\",\"name\":\"No Blog Title Set\",\"description\":\"besterpokerbouns\",\"potentialAction\":[{\"@type\":\"SearchAction\",\"target\":{\"@type\":\"EntryPoint\",\"urlTemplate\":\"http:\/\/besterpokerbonus.net\/it\/?s={search_term_string}\"},\"query-input\":{\"@type\":\"PropertyValueSpecification\",\"valueRequired\":true,\"valueName\":\"search_term_string\"}}],\"inLanguage\":\"it-IT\"}]}<\/script>\n<!-- \/ Yoast SEO plugin. -->","yoast_head_json":{"title":"I migliori bonus del poker I migliori bonus del poker online","robots":{"index":"index","follow":"follow","max-snippet":"max-snippet:-1","max-image-preview":"max-image-preview:large","max-video-preview":"max-video-preview:-1"},"canonical":"http:\/\/besterpokerbonus.net\/it\/","og_locale":"it_IT","og_type":"article","og_title":"I migliori bonus del poker I migliori bonus del poker online","og_description":"Il miglior codice bonus poker per ogni sito web di poker Il miglior codice bonus poker: perch\u00e9 \u00e8 importante utilizzare sempre i migliori e pi\u00f9 recenti codici bonus poker online quando ci si registra su una sala da poker online? Molto semplicemente: perch\u00e9 i provider di poker online offrono costantemente bonus e promozioni in continua [&hellip;]","og_url":"http:\/\/besterpokerbonus.net\/it\/","og_site_name":"No Blog Title Set","twitter_card":"summary_large_image","twitter_misc":{"Tempo di lettura stimato":"2 minuti"},"schema":{"@context":"https:\/\/schema.org","@graph":[{"@type":"WebPage","@id":"http:\/\/besterpokerbonus.net\/it\/","url":"http:\/\/besterpokerbonus.net\/it\/","name":"I migliori bonus del poker I migliori bonus del poker online","isPartOf":{"@id":"http:\/\/besterpokerbonus.net\/it\/#website"},"datePublished":"2025-07-25T13:22:03+00:00","breadcrumb":{"@id":"http:\/\/besterpokerbonus.net\/it\/#breadcrumb"},"inLanguage":"it-IT","potentialAction":[{"@type":"ReadAction","target":["http:\/\/besterpokerbonus.net\/it\/"]}]},{"@type":"BreadcrumbList","@id":"http:\/\/besterpokerbonus.net\/it\/#breadcrumb","itemListElement":[{"@type":"ListItem","position":1,"name":"Home","item":"http:\/\/besterpokerbonus.net\/it\/"},{"@type":"ListItem","position":2,"name":"Casa"}]},{"@type":"WebSite","@id":"http:\/\/besterpokerbonus.net\/it\/#website","url":"http:\/\/besterpokerbonus.net\/it\/","name":"No Blog Title Set","description":"besterpokerbouns","potentialAction":[{"@type":"SearchAction","target":{"@type":"EntryPoint","urlTemplate":"http:\/\/besterpokerbonus.net\/it\/?s={search_term_string}"},"query-input":{"@type":"PropertyValueSpecification","valueRequired":true,"valueName":"search_term_string"}}],"inLanguage":"it-IT"}]}},"_links":{"self":[{"href":"http:\/\/besterpokerbonus.net\/it\/wp-json\/wp\/v2\/pages\/99","targetHints":{"allow":["GET"]}}],"collection":[{"href":"http:\/\/besterpokerbonus.net\/it\/wp-json\/wp\/v2\/pages"}],"about":[{"href":"http:\/\/besterpokerbonus.net\/it\/wp-json\/wp\/v2\/types\/page"}],"author":[{"embeddable":true,"href":"http:\/\/besterpokerbonus.net\/it\/wp-json\/wp\/v2\/users\/2"}],"replies":[{"embeddable":true,"href":"http:\/\/besterpokerbonus.net\/it\/wp-json\/wp\/v2\/comments?post=99"}],"version-history":[{"count":0,"href":"http:\/\/besterpokerbonus.net\/it\/wp-json\/wp\/v2\/pages\/99\/revisions"}],"wp:attachment":[{"href":"http:\/\/besterpokerbonus.net\/it\/wp-json\/wp\/v2\/media?parent=99"}],"curies":[{"name":"wp","href":"https:\/\/api.w.org\/{rel}","templated":true}]}}