{"id":102,"date":"2025-07-25T13:22:03","date_gmt":"2025-07-25T13:22:03","guid":{"rendered":"http:\/\/besterpokerbonus.net\/sakums\/"},"modified":"2025-07-25T13:22:03","modified_gmt":"2025-07-25T13:22:03","slug":"sakums","status":"publish","type":"page","link":"http:\/\/besterpokerbonus.net\/lv\/","title":{"rendered":"S\u0101kums"},"content":{"rendered":"<p><img loading=\"lazy\" decoding=\"async\" src=\"images\/stories\/abonus.jpg\" alt=\"lab\u0101kais pokera bonuss\" width=\"200\" height=\"200\" style=\"margin: 8px; float: right;\" border=\"0\" \/><\/p>\n<h1><span style=\"font-size: 18pt;\">Lab\u0101kais pokera bonusa kods katrai pokera vietnei<\/span><\/h1>\n<p><strong>Lab\u0101kais pokera bonusa kods<\/strong> \u2014 k\u0101p\u0113c, re\u0123istr\u0113joties tie\u0161saistes pokera istab\u0101, ir svar\u012bgi vienm\u0113r izmantot lab\u0101kos un jaun\u0101kos tie\u0161saistes pokera bonusa kodus?<\/p>\n<p>Pavisam vienk\u0101r\u0161i \u2014 t\u0101p\u0113c, ka tie\u0161saistes pokera pakalpojumu sniedz\u0113ji past\u0101v\u012bgi pied\u0101v\u0101 main\u012bgus bonusa pied\u0101v\u0101jumus un akcijas, un bonusa kodi kalpo, lai garant\u0113tu sp\u0113l\u0113t\u0101jam, ka vi\u0146\u0161 sa\u0146em v\u0113lamo bonusu \u2014 vislab\u0101ko!<\/p>\n<h2><span style=\"font-size: 14pt;\">K\u0101 atrast lab\u0101ko pokera bonusa kodu, kad gatavojos re\u0123istr\u0113ties pokera vietn\u0113?<\/span><\/h2>\n<p>M\u016bsu vietn\u0113 m\u0113s uzskait\u0101m pa\u0161reiz\u0113jos bonusa kodus vis\u0101m liel\u0101kaj\u0101m tie\u0161saistes pokera vietn\u0113m. \u0160ie kodi tiek past\u0101v\u012bgi atjaunin\u0101ti, un, ja pokera vietne r\u012bko aktu\u0101lu akciju, \u0161eit vienm\u0113r atrad\u012bsiet pareizo bonusa kodu. L\u016bk, k\u0101 j\u016bs vienm\u0113r maksim\u0101li izmantojat m\u016bsu bonusa kodu!<\/p>\n<h2><span style=\"font-size: 14pt;\">Es mekl\u0113ju pokera vietni, kur\u0101 re\u0123istr\u0113ties.<\/span><\/h2>\n<p>M\u0113s esam p\u0101rbaud\u012bju\u0161i lab\u0101k\u0101s pokera vietnes j\u016bsu viet\u0101 un sniedzam ieteikumus un inform\u0101ciju par vietn\u0113m. Protams, j\u016bs varat vienk\u0101r\u0161i izv\u0113l\u0113ties vietni ar visliel\u0101ko bonusu, ta\u010du bonusam nevajadz\u0113tu b\u016bt vien\u012bgajam krit\u0113rijam.<\/p>\n<p>Fakts ir t\u0101ds, ka daudzus bonusus parastiem pokera sp\u0113l\u0113t\u0101jiem ir gandr\u012bz neiesp\u0113jami nopeln\u012bt, un tie pied\u0101v\u0101 sal\u012bdzino\u0161i nelielu labumu. Tas ir t\u0101p\u0113c, ka vispirms jums ir j\u0101ieg\u016bst bonuss, v\u0101cot sp\u0113l\u0113t\u0101ju punktus, sp\u0113l\u0113jot pokeru uz \u012bstu naudu vietn\u0113. Tom\u0113r tie, kas reti sp\u0113l\u0113 pokeru vai tikai ar \u013coti maz\u0101m likm\u0113m, var tikai da\u013c\u0113ji izmantot da\u017eus tie\u0161saistes pokera bonusus. Bonusa da\u013cas, kas netiek izmantotas, beidzas p\u0113c noteikta laika perioda \u2014 parasti p\u0113c 90 dien\u0101m.<\/p>\n<h2><span style=\"font-size: 14pt;\">Lab\u0101kais tie\u0161saistes pokera bonuss ies\u0101c\u0113jiem<\/span><\/h2>\n<p>T\u0101tad, ja j\u016bs tikai s\u0101kat sp\u0113l\u0113t vai sp\u0113l\u0113jat tikai reiz\u0113m, jums vajadz\u0113tu izm\u0113\u0123in\u0101t, piem\u0113ram, 888 Poker 400\u00a0ASV dol\u0101ru bonusu. Lai gan tas ir nedaudz zem vid\u0113j\u0101 l\u012bme\u0146a, bonusa apmaksas process ir sal\u012bdzino\u0161i \u0101trs. Starp citu, \u0161eit nav j\u0101ievada bonusa kods; mums ir \u012bpa\u0161a bonusa saite, skatiet zem\u0101k!<\/p>\n<p><a href=\"go\/888.html\" target=\"_blank\"><span style=\"text-decoration: underline;\"><strong>Noklik\u0161\u0137iniet \u0161eit, lai dotos uz 888 Poker<\/strong><\/span><\/a> \u2014 lejupiel\u0101d\u0113jiet un instal\u0113jiet bezmaksas programmat\u016bru, izveidojiet kontu, un jums tiek garant\u0113ts 400\u00a0ASV dol\u0101ru bonuss (l\u012bdz 100\u00a0% no j\u016bsu pirm\u0101 depoz\u012bta). Protams, j\u016bs varat vispirms sp\u0113l\u0113t ar sp\u0113\u013cu naudu un izm\u0113\u0123in\u0101t 888 bez riska. Tie\u0161saistes pokera bonuss ir garant\u0113ts!<\/p>\n<h2><span style=\"font-size: 14pt;\">Lab\u0101kais tie\u0161saistes pokera bonuss bie\u017eiem sp\u0113l\u0113t\u0101jiem<\/span><\/h2>\n<p>Tiem, kas v\u0113las daudz sp\u0113l\u0113t pokeru un varb\u016bt ar\u012b veikt sporta likmes, m\u0113s iesak\u0101m Bet365. \u0160eit iemaks\u0101to naudu var izmantot pokeram, kazino un sporta totalizatoriem bez lielas piep\u016bles. Bonuss ir lielisks &#8211; 250% l\u012bdz 1000 USD, un katra sporta likme un katra kazino sp\u0113le veicina bonusa apg\u016b\u0161anu.<\/p>\n<p><a href=\"go\/bet365.html\" target=\"_blank\"><strong><span style=\"text-decoration: underline;\">Dodieties uz Bet365 Poker, izmantojot \u0161o saiti,<\/span><\/strong><\/a> un lab\u0101kais pokera bonusa kods 1000 USD Bet365 bonusam ir COACH.<\/p>\n","protected":false},"excerpt":{"rendered":"<p>Lab\u0101kais pokera bonusa kods katrai pokera vietnei Lab\u0101kais pokera bonusa kods \u2014 k\u0101p\u0113c, re\u0123istr\u0113joties tie\u0161saistes pokera istab\u0101, ir svar\u012bgi vienm\u0113r izmantot lab\u0101kos un jaun\u0101kos tie\u0161saistes pokera bonusa kodus? Pavisam vienk\u0101r\u0161i \u2014 t\u0101p\u0113c, ka tie\u0161saistes pokera pakalpojumu sniedz\u0113ji past\u0101v\u012bgi pied\u0101v\u0101 main\u012bgus bonusa pied\u0101v\u0101jumus un akcijas, un bonusa kodi kalpo, lai garant\u0113tu sp\u0113l\u0113t\u0101jam, ka vi\u0146\u0161 sa\u0146em v\u0113lamo [&hellip;]<\/p>\n","protected":false},"author":2,"featured_media":0,"parent":0,"menu_order":0,"comment_status":"closed","ping_status":"closed","template":"","meta":{"footnotes":""},"class_list":["post-102","page","type-page","status-publish","hentry"],"yoast_head":"<!-- This site is optimized with the Yoast SEO plugin v26.0 - https:\/\/yoast.com\/wordpress\/plugins\/seo\/ -->\n<title>Lab\u0101kais pokera bonuss Lab\u0101kie tie\u0161saistes pokera bonusi<\/title>\n<meta name=\"robots\" content=\"index, follow, max-snippet:-1, max-image-preview:large, max-video-preview:-1\" \/>\n<link rel=\"canonical\" href=\"http:\/\/besterpokerbonus.net\/lv\/\" \/>\n<meta property=\"og:locale\" content=\"lv_LV\" \/>\n<meta property=\"og:type\" content=\"article\" \/>\n<meta property=\"og:title\" content=\"Lab\u0101kais pokera bonuss Lab\u0101kie tie\u0161saistes pokera bonusi\" \/>\n<meta property=\"og:description\" content=\"Lab\u0101kais pokera bonusa kods katrai pokera vietnei Lab\u0101kais pokera bonusa kods \u2014 k\u0101p\u0113c, re\u0123istr\u0113joties tie\u0161saistes pokera istab\u0101, ir svar\u012bgi vienm\u0113r izmantot lab\u0101kos un jaun\u0101kos tie\u0161saistes pokera bonusa kodus? Pavisam vienk\u0101r\u0161i \u2014 t\u0101p\u0113c, ka tie\u0161saistes pokera pakalpojumu sniedz\u0113ji past\u0101v\u012bgi pied\u0101v\u0101 main\u012bgus bonusa pied\u0101v\u0101jumus un akcijas, un bonusa kodi kalpo, lai garant\u0113tu sp\u0113l\u0113t\u0101jam, ka vi\u0146\u0161 sa\u0146em v\u0113lamo [&hellip;]\" \/>\n<meta property=\"og:url\" content=\"http:\/\/besterpokerbonus.net\/lv\/\" \/>\n<meta property=\"og:site_name\" content=\"No Blog Title Set\" \/>\n<meta name=\"twitter:card\" content=\"summary_large_image\" \/>\n<meta name=\"twitter:label1\" content=\"Est. reading time\" \/>\n\t<meta name=\"twitter:data1\" content=\"3 minutes\" \/>\n<script type=\"application\/ld+json\" class=\"yoast-schema-graph\">{\"@context\":\"https:\/\/schema.org\",\"@graph\":[{\"@type\":\"WebPage\",\"@id\":\"http:\/\/besterpokerbonus.net\/lv\/\",\"url\":\"http:\/\/besterpokerbonus.net\/lv\/\",\"name\":\"Lab\u0101kais pokera bonuss Lab\u0101kie tie\u0161saistes pokera bonusi\",\"isPartOf\":{\"@id\":\"http:\/\/besterpokerbonus.net\/lv\/#website\"},\"datePublished\":\"2025-07-25T13:22:03+00:00\",\"breadcrumb\":{\"@id\":\"http:\/\/besterpokerbonus.net\/lv\/#breadcrumb\"},\"inLanguage\":\"lv-LV\",\"potentialAction\":[{\"@type\":\"ReadAction\",\"target\":[\"http:\/\/besterpokerbonus.net\/lv\/\"]}]},{\"@type\":\"BreadcrumbList\",\"@id\":\"http:\/\/besterpokerbonus.net\/lv\/#breadcrumb\",\"itemListElement\":[{\"@type\":\"ListItem\",\"position\":1,\"name\":\"Home\",\"item\":\"http:\/\/besterpokerbonus.net\/lv\/\"},{\"@type\":\"ListItem\",\"position\":2,\"name\":\"S\u0101kums\"}]},{\"@type\":\"WebSite\",\"@id\":\"http:\/\/besterpokerbonus.net\/lv\/#website\",\"url\":\"http:\/\/besterpokerbonus.net\/lv\/\",\"name\":\"No Blog Title Set\",\"description\":\"besterpokerbouns\",\"potentialAction\":[{\"@type\":\"SearchAction\",\"target\":{\"@type\":\"EntryPoint\",\"urlTemplate\":\"http:\/\/besterpokerbonus.net\/lv\/?s={search_term_string}\"},\"query-input\":{\"@type\":\"PropertyValueSpecification\",\"valueRequired\":true,\"valueName\":\"search_term_string\"}}],\"inLanguage\":\"lv-LV\"}]}<\/script>\n<!-- \/ Yoast SEO plugin. -->","yoast_head_json":{"title":"Lab\u0101kais pokera bonuss Lab\u0101kie tie\u0161saistes pokera bonusi","robots":{"index":"index","follow":"follow","max-snippet":"max-snippet:-1","max-image-preview":"max-image-preview:large","max-video-preview":"max-video-preview:-1"},"canonical":"http:\/\/besterpokerbonus.net\/lv\/","og_locale":"lv_LV","og_type":"article","og_title":"Lab\u0101kais pokera bonuss Lab\u0101kie tie\u0161saistes pokera bonusi","og_description":"Lab\u0101kais pokera bonusa kods katrai pokera vietnei Lab\u0101kais pokera bonusa kods \u2014 k\u0101p\u0113c, re\u0123istr\u0113joties tie\u0161saistes pokera istab\u0101, ir svar\u012bgi vienm\u0113r izmantot lab\u0101kos un jaun\u0101kos tie\u0161saistes pokera bonusa kodus? Pavisam vienk\u0101r\u0161i \u2014 t\u0101p\u0113c, ka tie\u0161saistes pokera pakalpojumu sniedz\u0113ji past\u0101v\u012bgi pied\u0101v\u0101 main\u012bgus bonusa pied\u0101v\u0101jumus un akcijas, un bonusa kodi kalpo, lai garant\u0113tu sp\u0113l\u0113t\u0101jam, ka vi\u0146\u0161 sa\u0146em v\u0113lamo [&hellip;]","og_url":"http:\/\/besterpokerbonus.net\/lv\/","og_site_name":"No Blog Title Set","twitter_card":"summary_large_image","twitter_misc":{"Est. reading time":"3 minutes"},"schema":{"@context":"https:\/\/schema.org","@graph":[{"@type":"WebPage","@id":"http:\/\/besterpokerbonus.net\/lv\/","url":"http:\/\/besterpokerbonus.net\/lv\/","name":"Lab\u0101kais pokera bonuss Lab\u0101kie tie\u0161saistes pokera bonusi","isPartOf":{"@id":"http:\/\/besterpokerbonus.net\/lv\/#website"},"datePublished":"2025-07-25T13:22:03+00:00","breadcrumb":{"@id":"http:\/\/besterpokerbonus.net\/lv\/#breadcrumb"},"inLanguage":"lv-LV","potentialAction":[{"@type":"ReadAction","target":["http:\/\/besterpokerbonus.net\/lv\/"]}]},{"@type":"BreadcrumbList","@id":"http:\/\/besterpokerbonus.net\/lv\/#breadcrumb","itemListElement":[{"@type":"ListItem","position":1,"name":"Home","item":"http:\/\/besterpokerbonus.net\/lv\/"},{"@type":"ListItem","position":2,"name":"S\u0101kums"}]},{"@type":"WebSite","@id":"http:\/\/besterpokerbonus.net\/lv\/#website","url":"http:\/\/besterpokerbonus.net\/lv\/","name":"No Blog Title Set","description":"besterpokerbouns","potentialAction":[{"@type":"SearchAction","target":{"@type":"EntryPoint","urlTemplate":"http:\/\/besterpokerbonus.net\/lv\/?s={search_term_string}"},"query-input":{"@type":"PropertyValueSpecification","valueRequired":true,"valueName":"search_term_string"}}],"inLanguage":"lv-LV"}]}},"_links":{"self":[{"href":"http:\/\/besterpokerbonus.net\/lv\/wp-json\/wp\/v2\/pages\/102","targetHints":{"allow":["GET"]}}],"collection":[{"href":"http:\/\/besterpokerbonus.net\/lv\/wp-json\/wp\/v2\/pages"}],"about":[{"href":"http:\/\/besterpokerbonus.net\/lv\/wp-json\/wp\/v2\/types\/page"}],"author":[{"embeddable":true,"href":"http:\/\/besterpokerbonus.net\/lv\/wp-json\/wp\/v2\/users\/2"}],"replies":[{"embeddable":true,"href":"http:\/\/besterpokerbonus.net\/lv\/wp-json\/wp\/v2\/comments?post=102"}],"version-history":[{"count":0,"href":"http:\/\/besterpokerbonus.net\/lv\/wp-json\/wp\/v2\/pages\/102\/revisions"}],"wp:attachment":[{"href":"http:\/\/besterpokerbonus.net\/lv\/wp-json\/wp\/v2\/media?parent=102"}],"curies":[{"name":"wp","href":"https:\/\/api.w.org\/{rel}","templated":true}]}}