{"id":105,"date":"2025-07-25T13:22:03","date_gmt":"2025-07-25T13:22:03","guid":{"rendered":"http:\/\/besterpokerbonus.net\/hjem\/"},"modified":"2025-07-25T13:22:03","modified_gmt":"2025-07-25T13:22:03","slug":"hjem","status":"publish","type":"page","link":"http:\/\/besterpokerbonus.net\/no\/","title":{"rendered":"Hjem"},"content":{"rendered":"<p><img loading=\"lazy\" decoding=\"async\" src=\"bilder\/historier\/abonus.jpg\" alt=\"beste pokerbonus\" width=\"200\" height=\"200\" style=\"margin: 8px; float: right;\" border=\"0\" \/><\/p>\n<h1><span style=\"font-size: 18pt;\">Beste pokerbonuskode for alle pokernettsteder<\/span><\/h1>\n<p><strong>Beste pokerbonuskode<\/strong> &#8211; hvorfor er det viktig \u00e5 alltid bruke de beste og nyeste online pokerbonuskodene n\u00e5r du registrerer deg hos et online pokerrom?<\/p>\n<p>Ganske enkelt &#8211; fordi online pokerleverand\u00f8rer stadig tilbyr skiftende bonusavtaler og kampanjer, og bonuskodene tjener til \u00e5 garantere spilleren at de f\u00e5r bonusen de \u00f8nsker &#8211; den beste!<\/p>\n<h2><span style=\"font-size: 14pt;\">Hvordan finner jeg den beste pokerbonuskoden n\u00e5r jeg akkurat skal registrere meg hos et pokernettsted?<\/span><\/h2>\n<p>P\u00e5 nettstedet v\u00e5rt lister vi opp den gjeldende bonuskoden for alle store online pokernettsteder. Disse kodene oppdateres kontinuerlig, og hvis et pokernettsted kj\u00f8rer en aktuell kampanje, finner du alltid den riktige bonuskoden her. Slik f\u00e5r du alltid mest mulig ut av bonuskoden v\u00e5r!<\/p>\n<h2><span style=\"font-size: 14pt;\">Jeg ser etter en pokernettside \u00e5 registrere meg p\u00e5.<\/span><\/h2>\n<p>Vi har testet de beste pokernettstedene for deg og gir anbefalinger og informasjon om nettstedene. Selvf\u00f8lgelig kan du ganske enkelt velge nettstedet med den h\u00f8yeste bonusen, men bonusen b\u00f8r ikke v\u00e6re det eneste kriteriet.<\/p>\n<p>Faktum er at mange bonuser er nesten umulige for vanlige pokerspillere \u00e5 tjene og tilbyr relativt lite fordel. Dette er fordi du f\u00f8rst m\u00e5 klare bonusen ved \u00e5 samle spillerpoeng ved \u00e5 spille poker for ekte penger p\u00e5 nettstedet. De som sjelden spiller poker, eller bare med sv\u00e6rt sm\u00e5 innsatser, kan imidlertid bare delvis dra nytte av noen online pokerbonuser. Bonusdeler som ikke blir oppl\u00f8st utl\u00f8per etter en viss tidsperiode \u2013 vanligvis etter 90 dager.<\/p>\n<h2><span style=\"font-size: 14pt;\">Beste online pokerbonus for nybegynnere<\/span><\/h2>\n<p>S\u00e5 hvis du akkurat har begynt eller bare spiller av og til, b\u00f8r du for eksempel pr\u00f8ve bonusen p\u00e5 $400 fra 888 Poker. Selv om den er rett under gjennomsnittet, er bonusoppl\u00f8sningsprosessen relativt rask. Forresten, du trenger ikke \u00e5 oppgi en bonuskode her; vi har en spesiell bonuslenke, se nedenfor!<\/p>\n<p><a href=\"go\/888.html\" target=\"_blank\"><span style=\"text-decoration: underline;\"><strong>Klikk her for \u00e5 g\u00e5 til 888 Poker<\/strong><\/span><\/a> \u2013 last ned og installer gratisprogramvaren, opprett en konto, og du er garantert en bonus p\u00e5 $400 (opptil 100 % p\u00e5 ditt f\u00f8rste innskudd). Du kan selvf\u00f8lgelig spille med lekepenger f\u00f8rst og pr\u00f8ve 888 risikofritt. Online pokerbonusen er garantert!<\/p>\n<h2><span style=\"font-size: 14pt;\">Beste online pokerbonus for hyppige spillere<\/span><\/h2>\n<p>For noen som \u00f8nsker \u00e5 spille mye poker og kanskje ogs\u00e5 plassere sportsveddem\u00e5l, anbefaler vi Bet365. Pengene som settes inn her kan brukes til poker, casino og sportsveddem\u00e5l uten mye innsats. Bonusen er utmerket p\u00e5 250 % opptil $1000, og hvert sportsveddem\u00e5l og hvert casinospill bidrar til bonusen.<\/p>\n<p><a href=\"go\/bet365.html\" target=\"_blank\"><strong><span style=\"text-decoration: underline;\">G\u00e5 til Bet365 Poker via denne lenken,<\/span><\/strong><\/a> og den beste pokerbonuskoden for $1000 Bet365-bonusen er COACH.<\/p>\n","protected":false},"excerpt":{"rendered":"<p>Beste pokerbonuskode for alle pokernettsteder Beste pokerbonuskode &#8211; hvorfor er det viktig \u00e5 alltid bruke de beste og nyeste online pokerbonuskodene n\u00e5r du registrerer deg hos et online pokerrom? Ganske enkelt &#8211; fordi online pokerleverand\u00f8rer stadig tilbyr skiftende bonusavtaler og kampanjer, og bonuskodene tjener til \u00e5 garantere spilleren at de f\u00e5r bonusen de \u00f8nsker &#8211; [&hellip;]<\/p>\n","protected":false},"author":2,"featured_media":0,"parent":0,"menu_order":0,"comment_status":"closed","ping_status":"closed","template":"","meta":{"footnotes":""},"class_list":["post-105","page","type-page","status-publish","hentry"],"yoast_head":"<!-- This site is optimized with the Yoast SEO plugin v26.0 - https:\/\/yoast.com\/wordpress\/plugins\/seo\/ -->\n<title>Beste pokerbonus De beste pokerbonusene p\u00e5 nett<\/title>\n<meta name=\"robots\" content=\"index, follow, max-snippet:-1, max-image-preview:large, max-video-preview:-1\" \/>\n<link rel=\"canonical\" href=\"http:\/\/besterpokerbonus.net\/no\/\" \/>\n<meta property=\"og:locale\" content=\"nb_NO\" \/>\n<meta property=\"og:type\" content=\"article\" \/>\n<meta property=\"og:title\" content=\"Beste pokerbonus De beste pokerbonusene p\u00e5 nett\" \/>\n<meta property=\"og:description\" content=\"Beste pokerbonuskode for alle pokernettsteder Beste pokerbonuskode &#8211; hvorfor er det viktig \u00e5 alltid bruke de beste og nyeste online pokerbonuskodene n\u00e5r du registrerer deg hos et online pokerrom? Ganske enkelt &#8211; fordi online pokerleverand\u00f8rer stadig tilbyr skiftende bonusavtaler og kampanjer, og bonuskodene tjener til \u00e5 garantere spilleren at de f\u00e5r bonusen de \u00f8nsker &#8211; [&hellip;]\" \/>\n<meta property=\"og:url\" content=\"http:\/\/besterpokerbonus.net\/no\/\" \/>\n<meta property=\"og:site_name\" content=\"No Blog Title Set\" \/>\n<meta name=\"twitter:card\" content=\"summary_large_image\" \/>\n<meta name=\"twitter:label1\" content=\"Ansl. lesetid\" \/>\n\t<meta name=\"twitter:data1\" content=\"2 minutter\" \/>\n<script type=\"application\/ld+json\" class=\"yoast-schema-graph\">{\"@context\":\"https:\/\/schema.org\",\"@graph\":[{\"@type\":\"WebPage\",\"@id\":\"http:\/\/besterpokerbonus.net\/no\/\",\"url\":\"http:\/\/besterpokerbonus.net\/no\/\",\"name\":\"Beste pokerbonus De beste pokerbonusene p\u00e5 nett\",\"isPartOf\":{\"@id\":\"http:\/\/besterpokerbonus.net\/no\/#website\"},\"datePublished\":\"2025-07-25T13:22:03+00:00\",\"breadcrumb\":{\"@id\":\"http:\/\/besterpokerbonus.net\/no\/#breadcrumb\"},\"inLanguage\":\"nb-NO\",\"potentialAction\":[{\"@type\":\"ReadAction\",\"target\":[\"http:\/\/besterpokerbonus.net\/no\/\"]}]},{\"@type\":\"BreadcrumbList\",\"@id\":\"http:\/\/besterpokerbonus.net\/no\/#breadcrumb\",\"itemListElement\":[{\"@type\":\"ListItem\",\"position\":1,\"name\":\"Home\",\"item\":\"http:\/\/besterpokerbonus.net\/no\/\"},{\"@type\":\"ListItem\",\"position\":2,\"name\":\"Hjem\"}]},{\"@type\":\"WebSite\",\"@id\":\"http:\/\/besterpokerbonus.net\/no\/#website\",\"url\":\"http:\/\/besterpokerbonus.net\/no\/\",\"name\":\"No Blog Title Set\",\"description\":\"besterpokerbouns\",\"potentialAction\":[{\"@type\":\"SearchAction\",\"target\":{\"@type\":\"EntryPoint\",\"urlTemplate\":\"http:\/\/besterpokerbonus.net\/no\/?s={search_term_string}\"},\"query-input\":{\"@type\":\"PropertyValueSpecification\",\"valueRequired\":true,\"valueName\":\"search_term_string\"}}],\"inLanguage\":\"nb-NO\"}]}<\/script>\n<!-- \/ Yoast SEO plugin. -->","yoast_head_json":{"title":"Beste pokerbonus De beste pokerbonusene p\u00e5 nett","robots":{"index":"index","follow":"follow","max-snippet":"max-snippet:-1","max-image-preview":"max-image-preview:large","max-video-preview":"max-video-preview:-1"},"canonical":"http:\/\/besterpokerbonus.net\/no\/","og_locale":"nb_NO","og_type":"article","og_title":"Beste pokerbonus De beste pokerbonusene p\u00e5 nett","og_description":"Beste pokerbonuskode for alle pokernettsteder Beste pokerbonuskode &#8211; hvorfor er det viktig \u00e5 alltid bruke de beste og nyeste online pokerbonuskodene n\u00e5r du registrerer deg hos et online pokerrom? Ganske enkelt &#8211; fordi online pokerleverand\u00f8rer stadig tilbyr skiftende bonusavtaler og kampanjer, og bonuskodene tjener til \u00e5 garantere spilleren at de f\u00e5r bonusen de \u00f8nsker &#8211; [&hellip;]","og_url":"http:\/\/besterpokerbonus.net\/no\/","og_site_name":"No Blog Title Set","twitter_card":"summary_large_image","twitter_misc":{"Ansl. lesetid":"2 minutter"},"schema":{"@context":"https:\/\/schema.org","@graph":[{"@type":"WebPage","@id":"http:\/\/besterpokerbonus.net\/no\/","url":"http:\/\/besterpokerbonus.net\/no\/","name":"Beste pokerbonus De beste pokerbonusene p\u00e5 nett","isPartOf":{"@id":"http:\/\/besterpokerbonus.net\/no\/#website"},"datePublished":"2025-07-25T13:22:03+00:00","breadcrumb":{"@id":"http:\/\/besterpokerbonus.net\/no\/#breadcrumb"},"inLanguage":"nb-NO","potentialAction":[{"@type":"ReadAction","target":["http:\/\/besterpokerbonus.net\/no\/"]}]},{"@type":"BreadcrumbList","@id":"http:\/\/besterpokerbonus.net\/no\/#breadcrumb","itemListElement":[{"@type":"ListItem","position":1,"name":"Home","item":"http:\/\/besterpokerbonus.net\/no\/"},{"@type":"ListItem","position":2,"name":"Hjem"}]},{"@type":"WebSite","@id":"http:\/\/besterpokerbonus.net\/no\/#website","url":"http:\/\/besterpokerbonus.net\/no\/","name":"No Blog Title Set","description":"besterpokerbouns","potentialAction":[{"@type":"SearchAction","target":{"@type":"EntryPoint","urlTemplate":"http:\/\/besterpokerbonus.net\/no\/?s={search_term_string}"},"query-input":{"@type":"PropertyValueSpecification","valueRequired":true,"valueName":"search_term_string"}}],"inLanguage":"nb-NO"}]}},"_links":{"self":[{"href":"http:\/\/besterpokerbonus.net\/no\/wp-json\/wp\/v2\/pages\/105","targetHints":{"allow":["GET"]}}],"collection":[{"href":"http:\/\/besterpokerbonus.net\/no\/wp-json\/wp\/v2\/pages"}],"about":[{"href":"http:\/\/besterpokerbonus.net\/no\/wp-json\/wp\/v2\/types\/page"}],"author":[{"embeddable":true,"href":"http:\/\/besterpokerbonus.net\/no\/wp-json\/wp\/v2\/users\/2"}],"replies":[{"embeddable":true,"href":"http:\/\/besterpokerbonus.net\/no\/wp-json\/wp\/v2\/comments?post=105"}],"version-history":[{"count":0,"href":"http:\/\/besterpokerbonus.net\/no\/wp-json\/wp\/v2\/pages\/105\/revisions"}],"wp:attachment":[{"href":"http:\/\/besterpokerbonus.net\/no\/wp-json\/wp\/v2\/media?parent=105"}],"curies":[{"name":"wp","href":"https:\/\/api.w.org\/{rel}","templated":true}]}}