{"id":106,"date":"2025-07-25T13:22:03","date_gmt":"2025-07-25T13:22:03","guid":{"rendered":"http:\/\/besterpokerbonus.net\/acasa\/"},"modified":"2025-07-25T13:22:03","modified_gmt":"2025-07-25T13:22:03","slug":"acasa","status":"publish","type":"page","link":"http:\/\/besterpokerbonus.net\/ro\/","title":{"rendered":"Acas\u0103"},"content":{"rendered":"<p><img loading=\"lazy\" decoding=\"async\" src=\"images\/stories\/abonus.jpg\" alt=\"cel mai bun bonus de poker\" width=\"200\" height=\"200\" style=\"margin: 8px; float: right;\" border=\"0\" \/><\/p>\n<h1><span style=\"font-size: 18pt;\">Cel mai bun cod bonus de poker pentru fiecare site web de poker<\/span><\/h1>\n<p><strong>Cel mai bun cod bonus de poker<\/strong> &#8211; de ce este important s\u0103 utiliza\u021bi \u00eentotdeauna cele mai bune \u0219i mai recente coduri bonus de poker online atunci c\u00e2nd v\u0103 \u00eenregistra\u021bi la o camer\u0103 de poker online?<\/p>\n<p>Simplu simplu &#8211; deoarece furnizorii de poker online ofer\u0103 constant oferte bonus \u0219i promo\u021bii \u00een schimbare, iar codurile bonus servesc la garantarea juc\u0103torului c\u0103 prime\u0219te bonusul dorit &#8211; cel mai bun!<\/p>\n<h2><span style=\"font-size: 14pt;\">Cum g\u0103sesc cel mai bun cod bonus de poker atunci c\u00e2nd sunt pe cale s\u0103 m\u0103 \u00eenregistrez pe un site web de poker?<\/span><\/h2>\n<p>Pe site-ul nostru web, list\u0103m codul bonus actual pentru toate site-urile web importante de poker online. Aceste coduri sunt actualizate constant, iar dac\u0103 un site de poker deruleaz\u0103 o promo\u021bie curent\u0103, ve\u021bi g\u0103si \u00eentotdeauna codul bonus potrivit aici. A\u0219a pute\u021bi profita \u00eentotdeauna la maximum de codul nostru bonus!<\/p>\n<h2><span style=\"font-size: 14pt;\">Caut un site de poker la care s\u0103 m\u0103 \u00eenscriu.<\/span><\/h2>\n<p>Am testat cele mai bune site-uri de poker pentru dvs. \u0219i v\u0103 oferim recomand\u0103ri \u0219i informa\u021bii despre site-uri. Desigur, pute\u021bi alege pur \u0219i simplu site-ul cu cel mai mare bonus, dar bonusul nu ar trebui s\u0103 fie singurul criteriu.<\/p>\n<p>Cert este c\u0103 multe bonusuri sunt aproape imposibil de c\u00e2\u0219tigat pentru juc\u0103torii obi\u0219nui\u021bi de poker \u0219i ofer\u0103 beneficii relativ mici. Acest lucru se datoreaz\u0103 faptului c\u0103 mai \u00eent\u00e2i trebuie s\u0103 ob\u021bine\u021bi bonusul colect\u00e2nd puncte de juc\u0103tor juc\u00e2nd poker pe bani reali pe site. Cu toate acestea, cei care joac\u0103 rar poker sau doar cu mize foarte mici pot profita doar par\u021bial de unele bonusuri de poker online. Por\u021biunile de bonus care nu sunt compensate expir\u0103 dup\u0103 o anumit\u0103 perioad\u0103 de timp \u2013 de obicei dup\u0103 90 de zile.<\/p>\n<h2><span style=\"font-size: 14pt;\">Cel mai bun bonus de poker online pentru \u00eencep\u0103tori<\/span><\/h2>\n<p>A\u0219adar, dac\u0103 abia \u00eencepi sau joci doar ocazional, ar trebui s\u0103 \u00eencerci bonusul de 400 USD de la 888 Poker, de exemplu. De\u0219i este pu\u021bin sub medie, procesul de compensare a bonusului este relativ rapid. Apropo, nu trebuie s\u0103 introduci un cod bonus aici; avem un link special pentru bonus, vezi mai jos!<\/p>\n<p><a href=\"go\/888.html\" target=\"_blank\"><span style=\"text-decoration: underline;\"><strong>Face\u021bi clic aici pentru a accesa 888 Poker<\/strong><\/span><\/a> \u2013 desc\u0103rca\u021bi \u0219i instala\u021bi software-ul gratuit, crea\u021bi un cont \u0219i vi se garanteaz\u0103 un bonus de 400 USD (p\u00e2n\u0103 la 100% la prima depunere). Desigur, po\u021bi juca mai \u00eent\u00e2i cu bani virtuali \u0219i apoi s\u0103 \u00eencerci 888 f\u0103r\u0103 riscuri. Bonusul de poker online este garantat!<\/p>\n<h2><span style=\"font-size: 14pt;\">Cel mai bun bonus de poker online pentru juc\u0103torii frecven\u021bi<\/span><\/h2>\n<p>Pentru cineva care dore\u0219te s\u0103 joace mult poker \u0219i poate s\u0103 plaseze \u0219i pariuri sportive, recomand\u0103m Bet365. Banii depu\u0219i aici pot fi folosi\u021bi pentru poker, cazinou \u0219i pariuri sportive f\u0103r\u0103 prea mult efort. Bonusul este excelent, de 250% p\u00e2n\u0103 la 1.000 USD, iar fiecare pariu sportiv \u0219i fiecare joc de cazinou contribuie la bonus.<\/p>\n<p><a href=\"go\/bet365.html\" target=\"_blank\"><strong><span style=\"text-decoration: underline;\">Accesa\u021bi Bet365 Poker prin intermediul acestui link,<\/span><\/strong><\/a> iar cel mai bun cod bonus de poker pentru bonusul Bet365 de 1.000 USD este COACH.<\/p>\n","protected":false},"excerpt":{"rendered":"<p>Cel mai bun cod bonus de poker pentru fiecare site web de poker Cel mai bun cod bonus de poker &#8211; de ce este important s\u0103 utiliza\u021bi \u00eentotdeauna cele mai bune \u0219i mai recente coduri bonus de poker online atunci c\u00e2nd v\u0103 \u00eenregistra\u021bi la o camer\u0103 de poker online? Simplu simplu &#8211; deoarece furnizorii de [&hellip;]<\/p>\n","protected":false},"author":2,"featured_media":0,"parent":0,"menu_order":0,"comment_status":"closed","ping_status":"closed","template":"","meta":{"footnotes":""},"class_list":["post-106","page","type-page","status-publish","hentry"],"yoast_head":"<!-- This site is optimized with the Yoast SEO plugin v26.0 - https:\/\/yoast.com\/wordpress\/plugins\/seo\/ -->\n<title>Cel mai bun bonus de poker Cele mai bune bonusuri de poker online<\/title>\n<meta name=\"robots\" content=\"index, follow, max-snippet:-1, max-image-preview:large, max-video-preview:-1\" \/>\n<link rel=\"canonical\" href=\"http:\/\/besterpokerbonus.net\/ro\/\" \/>\n<meta property=\"og:locale\" content=\"ro_RO\" \/>\n<meta property=\"og:type\" content=\"article\" \/>\n<meta property=\"og:title\" content=\"Cel mai bun bonus de poker Cele mai bune bonusuri de poker online\" \/>\n<meta property=\"og:description\" content=\"Cel mai bun cod bonus de poker pentru fiecare site web de poker Cel mai bun cod bonus de poker &#8211; de ce este important s\u0103 utiliza\u021bi \u00eentotdeauna cele mai bune \u0219i mai recente coduri bonus de poker online atunci c\u00e2nd v\u0103 \u00eenregistra\u021bi la o camer\u0103 de poker online? Simplu simplu &#8211; deoarece furnizorii de [&hellip;]\" \/>\n<meta property=\"og:url\" content=\"http:\/\/besterpokerbonus.net\/ro\/\" \/>\n<meta property=\"og:site_name\" content=\"No Blog Title Set\" \/>\n<meta name=\"twitter:card\" content=\"summary_large_image\" \/>\n<meta name=\"twitter:label1\" content=\"Timp estimat pentru citire\" \/>\n\t<meta name=\"twitter:data1\" content=\"3 minute\" \/>\n<script type=\"application\/ld+json\" class=\"yoast-schema-graph\">{\"@context\":\"https:\/\/schema.org\",\"@graph\":[{\"@type\":\"WebPage\",\"@id\":\"http:\/\/besterpokerbonus.net\/ro\/\",\"url\":\"http:\/\/besterpokerbonus.net\/ro\/\",\"name\":\"Cel mai bun bonus de poker Cele mai bune bonusuri de poker online\",\"isPartOf\":{\"@id\":\"http:\/\/besterpokerbonus.net\/ro\/#website\"},\"datePublished\":\"2025-07-25T13:22:03+00:00\",\"breadcrumb\":{\"@id\":\"http:\/\/besterpokerbonus.net\/ro\/#breadcrumb\"},\"inLanguage\":\"ro-RO\",\"potentialAction\":[{\"@type\":\"ReadAction\",\"target\":[\"http:\/\/besterpokerbonus.net\/ro\/\"]}]},{\"@type\":\"BreadcrumbList\",\"@id\":\"http:\/\/besterpokerbonus.net\/ro\/#breadcrumb\",\"itemListElement\":[{\"@type\":\"ListItem\",\"position\":1,\"name\":\"Home\",\"item\":\"http:\/\/besterpokerbonus.net\/ro\/\"},{\"@type\":\"ListItem\",\"position\":2,\"name\":\"Acas\u0103\"}]},{\"@type\":\"WebSite\",\"@id\":\"http:\/\/besterpokerbonus.net\/ro\/#website\",\"url\":\"http:\/\/besterpokerbonus.net\/ro\/\",\"name\":\"No Blog Title Set\",\"description\":\"besterpokerbouns\",\"potentialAction\":[{\"@type\":\"SearchAction\",\"target\":{\"@type\":\"EntryPoint\",\"urlTemplate\":\"http:\/\/besterpokerbonus.net\/ro\/?s={search_term_string}\"},\"query-input\":{\"@type\":\"PropertyValueSpecification\",\"valueRequired\":true,\"valueName\":\"search_term_string\"}}],\"inLanguage\":\"ro-RO\"}]}<\/script>\n<!-- \/ Yoast SEO plugin. -->","yoast_head_json":{"title":"Cel mai bun bonus de poker Cele mai bune bonusuri de poker online","robots":{"index":"index","follow":"follow","max-snippet":"max-snippet:-1","max-image-preview":"max-image-preview:large","max-video-preview":"max-video-preview:-1"},"canonical":"http:\/\/besterpokerbonus.net\/ro\/","og_locale":"ro_RO","og_type":"article","og_title":"Cel mai bun bonus de poker Cele mai bune bonusuri de poker online","og_description":"Cel mai bun cod bonus de poker pentru fiecare site web de poker Cel mai bun cod bonus de poker &#8211; de ce este important s\u0103 utiliza\u021bi \u00eentotdeauna cele mai bune \u0219i mai recente coduri bonus de poker online atunci c\u00e2nd v\u0103 \u00eenregistra\u021bi la o camer\u0103 de poker online? Simplu simplu &#8211; deoarece furnizorii de [&hellip;]","og_url":"http:\/\/besterpokerbonus.net\/ro\/","og_site_name":"No Blog Title Set","twitter_card":"summary_large_image","twitter_misc":{"Timp estimat pentru citire":"3 minute"},"schema":{"@context":"https:\/\/schema.org","@graph":[{"@type":"WebPage","@id":"http:\/\/besterpokerbonus.net\/ro\/","url":"http:\/\/besterpokerbonus.net\/ro\/","name":"Cel mai bun bonus de poker Cele mai bune bonusuri de poker online","isPartOf":{"@id":"http:\/\/besterpokerbonus.net\/ro\/#website"},"datePublished":"2025-07-25T13:22:03+00:00","breadcrumb":{"@id":"http:\/\/besterpokerbonus.net\/ro\/#breadcrumb"},"inLanguage":"ro-RO","potentialAction":[{"@type":"ReadAction","target":["http:\/\/besterpokerbonus.net\/ro\/"]}]},{"@type":"BreadcrumbList","@id":"http:\/\/besterpokerbonus.net\/ro\/#breadcrumb","itemListElement":[{"@type":"ListItem","position":1,"name":"Home","item":"http:\/\/besterpokerbonus.net\/ro\/"},{"@type":"ListItem","position":2,"name":"Acas\u0103"}]},{"@type":"WebSite","@id":"http:\/\/besterpokerbonus.net\/ro\/#website","url":"http:\/\/besterpokerbonus.net\/ro\/","name":"No Blog Title Set","description":"besterpokerbouns","potentialAction":[{"@type":"SearchAction","target":{"@type":"EntryPoint","urlTemplate":"http:\/\/besterpokerbonus.net\/ro\/?s={search_term_string}"},"query-input":{"@type":"PropertyValueSpecification","valueRequired":true,"valueName":"search_term_string"}}],"inLanguage":"ro-RO"}]}},"_links":{"self":[{"href":"http:\/\/besterpokerbonus.net\/ro\/wp-json\/wp\/v2\/pages\/106","targetHints":{"allow":["GET"]}}],"collection":[{"href":"http:\/\/besterpokerbonus.net\/ro\/wp-json\/wp\/v2\/pages"}],"about":[{"href":"http:\/\/besterpokerbonus.net\/ro\/wp-json\/wp\/v2\/types\/page"}],"author":[{"embeddable":true,"href":"http:\/\/besterpokerbonus.net\/ro\/wp-json\/wp\/v2\/users\/2"}],"replies":[{"embeddable":true,"href":"http:\/\/besterpokerbonus.net\/ro\/wp-json\/wp\/v2\/comments?post=106"}],"version-history":[{"count":0,"href":"http:\/\/besterpokerbonus.net\/ro\/wp-json\/wp\/v2\/pages\/106\/revisions"}],"wp:attachment":[{"href":"http:\/\/besterpokerbonus.net\/ro\/wp-json\/wp\/v2\/media?parent=106"}],"curies":[{"name":"wp","href":"https:\/\/api.w.org\/{rel}","templated":true}]}}