{"id":109,"date":"2025-07-25T13:22:03","date_gmt":"2025-07-25T13:22:03","guid":{"rendered":"http:\/\/besterpokerbonus.net\/domov\/"},"modified":"2025-07-25T13:22:03","modified_gmt":"2025-07-25T13:22:03","slug":"domov","status":"publish","type":"page","link":"http:\/\/besterpokerbonus.net\/sk\/","title":{"rendered":"Domov"},"content":{"rendered":"<p><img loading=\"lazy\" decoding=\"async\" src=\"obr\u00e1zky\/pr\u00edbehy\/abonus.jpg\" alt=\"najlep\u0161\u00ed pokrov\u00fd bonus\" width=\"200\" height=\"200\" style=\"margin: 8px; float: right;\" border=\"0\" \/><\/p>\n<h1><span style=\"font-size: 18pt;\">Najlep\u0161\u00ed pokrov\u00fd bonusov\u00fd k\u00f3d pre ka\u017ed\u00fa pokrov\u00fa webov\u00fa str\u00e1nku<\/span><\/h1>\n<p><strong>Najlep\u0161\u00ed pokrov\u00fd bonusov\u00fd k\u00f3d<\/strong> &#8211; pre\u010do je d\u00f4le\u017eit\u00e9 v\u017edy pou\u017e\u00edva\u0165 najlep\u0161ie a najnov\u0161ie online pokrov\u00e9 bonusov\u00e9 k\u00f3dy pri registr\u00e1cii v online pokrovej herni?<\/p>\n<p>Jednoducho povedan\u00e9 &#8211; preto\u017ee poskytovatelia online pokru neust\u00e1le pon\u00fakaj\u00fa meniace sa bonusov\u00e9 ponuky a propag\u00e1cie a bonusov\u00e9 k\u00f3dy sl\u00fa\u017eia na to, aby hr\u00e1\u010dovi zaru\u010dili, \u017ee dostane bonus, ktor\u00fd chce &#8211; ten najlep\u0161\u00ed!<\/p>\n<h2><span style=\"font-size: 14pt;\">Ako n\u00e1jdem najlep\u0161\u00ed pokrov\u00fd bonusov\u00fd k\u00f3d, ke\u010f sa pr\u00e1ve chyst\u00e1m zaregistrova\u0165 na pokrovej webovej str\u00e1nke?<\/span><\/h2>\n<p>Na na\u0161ej webovej str\u00e1nke uv\u00e1dzame aktu\u00e1lne bonusov\u00e9 k\u00f3dy pre v\u0161etky hlavn\u00e9 online pokrov\u00e9 webov\u00e9 str\u00e1nky. Tieto k\u00f3dy sa neust\u00e1le aktualizuj\u00fa a ak pokrov\u00e1 webov\u00e1 str\u00e1nka pr\u00e1ve prev\u00e1dzkuje akciu, v\u017edy tu n\u00e1jdete ten spr\u00e1vny bonusov\u00fd k\u00f3d. Takto v\u017edy vy\u0165a\u017e\u00edte maximum z n\u00e1\u0161ho bonusov\u00e9ho k\u00f3du!<\/p>\n<h2><span style=\"font-size: 14pt;\">H\u013ead\u00e1m pokrov\u00fa webov\u00fa str\u00e1nku, na ktorej by som sa mohol zaregistrova\u0165.<\/span><\/h2>\n<p>Otestovali sme pre v\u00e1s najlep\u0161ie pokrov\u00e9 webov\u00e9 str\u00e1nky a poskytujeme odpor\u00fa\u010dania a inform\u00e1cie o str\u00e1nkach. Samozrejme, m\u00f4\u017eete si jednoducho vybra\u0165 str\u00e1nku s najvy\u0161\u0161\u00edm bonusom, ale bonus by nemal by\u0165 jedin\u00fdm krit\u00e9riom.<\/p>\n<p>Faktom je, \u017ee mnoh\u00e9 bonusy je pre be\u017en\u00fdch pokrov\u00fdch hr\u00e1\u010dov takmer nemo\u017en\u00e9 z\u00edska\u0165 a pon\u00fakaj\u00fa relat\u00edvne mal\u00fd \u00fa\u017eitok. Je to preto, \u017ee bonus mus\u00edte najprv z\u00edska\u0165 zbieran\u00edm hr\u00e1\u010dskych bodov hran\u00edm pokeru o skuto\u010dn\u00e9 peniaze na str\u00e1nke. Av\u0161ak t\u00ed, ktor\u00ed hraj\u00fa poker zriedka alebo len s ve\u013emi mal\u00fdmi st\u00e1vkami, m\u00f4\u017eu niektor\u00e9 online pokrov\u00e9 bonusy vyu\u017ei\u0165 len \u010diasto\u010dne. Bonusov\u00e9 \u010dasti, ktor\u00e9 nie s\u00fa vy\u010derpan\u00e9, prepadn\u00fa po ur\u010ditom \u010dase \u2013 zvy\u010dajne po 90 d\u0148och.<\/p>\n<h2><span style=\"font-size: 14pt;\">Najlep\u0161\u00ed online pokerov\u00fd bonus pre za\u010diato\u010dn\u00edkov<\/span><\/h2>\n<p>Ak teda len za\u010d\u00ednate alebo hr\u00e1te len pr\u00edle\u017eitostne, mali by ste vysk\u00fa\u0161a\u0165 napr\u00edklad bonus 400 dol\u00e1rov od 888 Poker. Hoci je tesne podpriemern\u00fd, proces vy\u010derpania bonusu je relat\u00edvne r\u00fdchly. Mimochodom, nemus\u00edte tu zad\u00e1va\u0165 bonusov\u00fd k\u00f3d; m\u00e1me \u0161peci\u00e1lny bonusov\u00fd odkaz, pozri ni\u017e\u0161ie!<\/p>\n<p><a href=\"go\/888.html\" target=\"_blank\"><span style=\"text-decoration: underline;\"><strong>Kliknite sem a prejdite na 888 Poker<\/strong><\/span><\/a> \u2013 stiahnite si a nain\u0161talujte si bezplatn\u00fd softv\u00e9r, vytvorte si \u00fa\u010det a m\u00e1te zaru\u010den\u00fd bonus 400 dol\u00e1rov (a\u017e do v\u00fd\u0161ky 100 % z v\u00e1\u0161ho prv\u00e9ho vkladu). Samozrejme, m\u00f4\u017eete najprv hra\u0165 s hrac\u00edmi peniazmi a vysk\u00fa\u0161a\u0165 888 bez rizika. Bonus za online poker je zaru\u010den\u00fd!<\/p>\n<h2><span style=\"font-size: 14pt;\">Najlep\u0161\u00ed online pokerov\u00fd bonus pre \u010dast\u00fdch hr\u00e1\u010dov<\/span><\/h2>\n<p>Pre niekoho, kto chce hra\u0165 ve\u013ea pokeru a mo\u017eno aj uzatv\u00e1ra\u0165 \u0161portov\u00e9 st\u00e1vky, odpor\u00fa\u010dame Bet365. Peniaze vlo\u017een\u00e9 tu je mo\u017en\u00e9 bez v\u00e4\u010d\u0161ej n\u00e1mahy pou\u017ei\u0165 na poker, kas\u00edno a \u0161portov\u00e9 st\u00e1vkovanie. Bonus je vynikaj\u00faci s v\u00fd\u0161kou 250 % a\u017e do v\u00fd\u0161ky 1 000 USD a ka\u017ed\u00e1 \u0161portov\u00e1 st\u00e1vka a ka\u017ed\u00e1 kas\u00ednov\u00e1 hra prispieva k bonusu.<\/p>\n<p><a href=\"go\/bet365.html\" target=\"_blank\"><strong><span style=\"text-decoration: underline;\">Prejdite na Bet365 Poker cez tento odkaz<\/span><\/strong><\/a> a najlep\u0161\u00ed pokrov\u00fd bonusov\u00fd k\u00f3d pre bonus Bet365 vo v\u00fd\u0161ke 1 000 USD je COACH.<\/p>\n","protected":false},"excerpt":{"rendered":"<p>Najlep\u0161\u00ed pokrov\u00fd bonusov\u00fd k\u00f3d pre ka\u017ed\u00fa pokrov\u00fa webov\u00fa str\u00e1nku Najlep\u0161\u00ed pokrov\u00fd bonusov\u00fd k\u00f3d &#8211; pre\u010do je d\u00f4le\u017eit\u00e9 v\u017edy pou\u017e\u00edva\u0165 najlep\u0161ie a najnov\u0161ie online pokrov\u00e9 bonusov\u00e9 k\u00f3dy pri registr\u00e1cii v online pokrovej herni? Jednoducho povedan\u00e9 &#8211; preto\u017ee poskytovatelia online pokru neust\u00e1le pon\u00fakaj\u00fa meniace sa bonusov\u00e9 ponuky a propag\u00e1cie a bonusov\u00e9 k\u00f3dy sl\u00fa\u017eia na to, aby hr\u00e1\u010dovi [&hellip;]<\/p>\n","protected":false},"author":2,"featured_media":0,"parent":0,"menu_order":0,"comment_status":"closed","ping_status":"closed","template":"","meta":{"footnotes":""},"class_list":["post-109","page","type-page","status-publish","hentry"],"yoast_head":"<!-- This site is optimized with the Yoast SEO plugin v26.0 - https:\/\/yoast.com\/wordpress\/plugins\/seo\/ -->\n<title>Najlep\u0161\u00ed pokrov\u00fd bonus Najlep\u0161ie online pokrov\u00e9 bonusy<\/title>\n<meta name=\"robots\" content=\"index, follow, max-snippet:-1, max-image-preview:large, max-video-preview:-1\" \/>\n<link rel=\"canonical\" href=\"http:\/\/besterpokerbonus.net\/sk\/\" \/>\n<meta property=\"og:locale\" content=\"sk_SK\" \/>\n<meta property=\"og:type\" content=\"article\" \/>\n<meta property=\"og:title\" content=\"Najlep\u0161\u00ed pokrov\u00fd bonus Najlep\u0161ie online pokrov\u00e9 bonusy\" \/>\n<meta property=\"og:description\" content=\"Najlep\u0161\u00ed pokrov\u00fd bonusov\u00fd k\u00f3d pre ka\u017ed\u00fa pokrov\u00fa webov\u00fa str\u00e1nku Najlep\u0161\u00ed pokrov\u00fd bonusov\u00fd k\u00f3d &#8211; pre\u010do je d\u00f4le\u017eit\u00e9 v\u017edy pou\u017e\u00edva\u0165 najlep\u0161ie a najnov\u0161ie online pokrov\u00e9 bonusov\u00e9 k\u00f3dy pri registr\u00e1cii v online pokrovej herni? Jednoducho povedan\u00e9 &#8211; preto\u017ee poskytovatelia online pokru neust\u00e1le pon\u00fakaj\u00fa meniace sa bonusov\u00e9 ponuky a propag\u00e1cie a bonusov\u00e9 k\u00f3dy sl\u00fa\u017eia na to, aby hr\u00e1\u010dovi [&hellip;]\" \/>\n<meta property=\"og:url\" content=\"http:\/\/besterpokerbonus.net\/sk\/\" \/>\n<meta property=\"og:site_name\" content=\"No Blog Title Set\" \/>\n<meta name=\"twitter:card\" content=\"summary_large_image\" \/>\n<meta name=\"twitter:label1\" content=\"Predpokladan\u00fd \u010das \u010d\u00edtania\" \/>\n\t<meta name=\"twitter:data1\" content=\"3 min\u00faty\" \/>\n<script type=\"application\/ld+json\" class=\"yoast-schema-graph\">{\"@context\":\"https:\/\/schema.org\",\"@graph\":[{\"@type\":\"WebPage\",\"@id\":\"http:\/\/besterpokerbonus.net\/sk\/\",\"url\":\"http:\/\/besterpokerbonus.net\/sk\/\",\"name\":\"Najlep\u0161\u00ed pokrov\u00fd bonus Najlep\u0161ie online pokrov\u00e9 bonusy\",\"isPartOf\":{\"@id\":\"http:\/\/besterpokerbonus.net\/sk\/#website\"},\"datePublished\":\"2025-07-25T13:22:03+00:00\",\"breadcrumb\":{\"@id\":\"http:\/\/besterpokerbonus.net\/sk\/#breadcrumb\"},\"inLanguage\":\"sk-SK\",\"potentialAction\":[{\"@type\":\"ReadAction\",\"target\":[\"http:\/\/besterpokerbonus.net\/sk\/\"]}]},{\"@type\":\"BreadcrumbList\",\"@id\":\"http:\/\/besterpokerbonus.net\/sk\/#breadcrumb\",\"itemListElement\":[{\"@type\":\"ListItem\",\"position\":1,\"name\":\"Home\",\"item\":\"http:\/\/besterpokerbonus.net\/sk\/\"},{\"@type\":\"ListItem\",\"position\":2,\"name\":\"Domov\"}]},{\"@type\":\"WebSite\",\"@id\":\"http:\/\/besterpokerbonus.net\/sk\/#website\",\"url\":\"http:\/\/besterpokerbonus.net\/sk\/\",\"name\":\"No Blog Title Set\",\"description\":\"besterpokerbouns\",\"potentialAction\":[{\"@type\":\"SearchAction\",\"target\":{\"@type\":\"EntryPoint\",\"urlTemplate\":\"http:\/\/besterpokerbonus.net\/sk\/?s={search_term_string}\"},\"query-input\":{\"@type\":\"PropertyValueSpecification\",\"valueRequired\":true,\"valueName\":\"search_term_string\"}}],\"inLanguage\":\"sk-SK\"}]}<\/script>\n<!-- \/ Yoast SEO plugin. -->","yoast_head_json":{"title":"Najlep\u0161\u00ed pokrov\u00fd bonus Najlep\u0161ie online pokrov\u00e9 bonusy","robots":{"index":"index","follow":"follow","max-snippet":"max-snippet:-1","max-image-preview":"max-image-preview:large","max-video-preview":"max-video-preview:-1"},"canonical":"http:\/\/besterpokerbonus.net\/sk\/","og_locale":"sk_SK","og_type":"article","og_title":"Najlep\u0161\u00ed pokrov\u00fd bonus Najlep\u0161ie online pokrov\u00e9 bonusy","og_description":"Najlep\u0161\u00ed pokrov\u00fd bonusov\u00fd k\u00f3d pre ka\u017ed\u00fa pokrov\u00fa webov\u00fa str\u00e1nku Najlep\u0161\u00ed pokrov\u00fd bonusov\u00fd k\u00f3d &#8211; pre\u010do je d\u00f4le\u017eit\u00e9 v\u017edy pou\u017e\u00edva\u0165 najlep\u0161ie a najnov\u0161ie online pokrov\u00e9 bonusov\u00e9 k\u00f3dy pri registr\u00e1cii v online pokrovej herni? Jednoducho povedan\u00e9 &#8211; preto\u017ee poskytovatelia online pokru neust\u00e1le pon\u00fakaj\u00fa meniace sa bonusov\u00e9 ponuky a propag\u00e1cie a bonusov\u00e9 k\u00f3dy sl\u00fa\u017eia na to, aby hr\u00e1\u010dovi [&hellip;]","og_url":"http:\/\/besterpokerbonus.net\/sk\/","og_site_name":"No Blog Title Set","twitter_card":"summary_large_image","twitter_misc":{"Predpokladan\u00fd \u010das \u010d\u00edtania":"3 min\u00faty"},"schema":{"@context":"https:\/\/schema.org","@graph":[{"@type":"WebPage","@id":"http:\/\/besterpokerbonus.net\/sk\/","url":"http:\/\/besterpokerbonus.net\/sk\/","name":"Najlep\u0161\u00ed pokrov\u00fd bonus Najlep\u0161ie online pokrov\u00e9 bonusy","isPartOf":{"@id":"http:\/\/besterpokerbonus.net\/sk\/#website"},"datePublished":"2025-07-25T13:22:03+00:00","breadcrumb":{"@id":"http:\/\/besterpokerbonus.net\/sk\/#breadcrumb"},"inLanguage":"sk-SK","potentialAction":[{"@type":"ReadAction","target":["http:\/\/besterpokerbonus.net\/sk\/"]}]},{"@type":"BreadcrumbList","@id":"http:\/\/besterpokerbonus.net\/sk\/#breadcrumb","itemListElement":[{"@type":"ListItem","position":1,"name":"Home","item":"http:\/\/besterpokerbonus.net\/sk\/"},{"@type":"ListItem","position":2,"name":"Domov"}]},{"@type":"WebSite","@id":"http:\/\/besterpokerbonus.net\/sk\/#website","url":"http:\/\/besterpokerbonus.net\/sk\/","name":"No Blog Title Set","description":"besterpokerbouns","potentialAction":[{"@type":"SearchAction","target":{"@type":"EntryPoint","urlTemplate":"http:\/\/besterpokerbonus.net\/sk\/?s={search_term_string}"},"query-input":{"@type":"PropertyValueSpecification","valueRequired":true,"valueName":"search_term_string"}}],"inLanguage":"sk-SK"}]}},"_links":{"self":[{"href":"http:\/\/besterpokerbonus.net\/sk\/wp-json\/wp\/v2\/pages\/109","targetHints":{"allow":["GET"]}}],"collection":[{"href":"http:\/\/besterpokerbonus.net\/sk\/wp-json\/wp\/v2\/pages"}],"about":[{"href":"http:\/\/besterpokerbonus.net\/sk\/wp-json\/wp\/v2\/types\/page"}],"author":[{"embeddable":true,"href":"http:\/\/besterpokerbonus.net\/sk\/wp-json\/wp\/v2\/users\/2"}],"replies":[{"embeddable":true,"href":"http:\/\/besterpokerbonus.net\/sk\/wp-json\/wp\/v2\/comments?post=109"}],"version-history":[{"count":0,"href":"http:\/\/besterpokerbonus.net\/sk\/wp-json\/wp\/v2\/pages\/109\/revisions"}],"wp:attachment":[{"href":"http:\/\/besterpokerbonus.net\/sk\/wp-json\/wp\/v2\/media?parent=109"}],"curies":[{"name":"wp","href":"https:\/\/api.w.org\/{rel}","templated":true}]}}