{"id":112,"date":"2025-07-25T13:22:03","date_gmt":"2025-07-25T13:22:03","guid":{"rendered":"http:\/\/besterpokerbonus.net\/hem\/"},"modified":"2025-07-25T13:22:03","modified_gmt":"2025-07-25T13:22:03","slug":"hem","status":"publish","type":"page","link":"http:\/\/besterpokerbonus.net\/sv\/","title":{"rendered":"Hem"},"content":{"rendered":"<p><img loading=\"lazy\" decoding=\"async\" src=\"images\/stories\/abonus.jpg\" alt=\"b\u00e4sta pokerbonus\" width=\"200\" height=\"200\" style=\"margin: 8px; float: right;\" border=\"0\" \/><\/p>\n<h1><span style=\"font-size: 18pt;\">B\u00e4sta pokerbonuskoden f\u00f6r varje pokersajt<\/span><\/h1>\n<p><strong>B\u00e4sta pokerbonuskoden<\/strong> &#8211; varf\u00f6r \u00e4r det viktigt att alltid anv\u00e4nda de b\u00e4sta och senaste pokerbonuskoderna n\u00e4r man registrerar sig hos ett pokerrum online?<\/p>\n<p>Helt enkelt &#8211; eftersom onlinepokerleverant\u00f6rer st\u00e4ndigt erbjuder nya bonuserbjudanden och kampanjer, och bonuskoderna garanterar spelaren att de f\u00e5r den bonus de vill ha &#8211; den b\u00e4sta!<\/p>\n<h2><span style=\"font-size: 14pt;\">Hur hittar jag den b\u00e4sta pokerbonuskoden n\u00e4r jag precis ska registrera mig hos en pokersajt?<\/span><\/h2>\n<p>P\u00e5 v\u00e5r webbplats listar vi den aktuella bonuskoden f\u00f6r alla st\u00f6rre pokersajter online. Dessa koder uppdateras st\u00e4ndigt, och om en pokersajt k\u00f6r en aktuell kampanj hittar du alltid r\u00e4tt bonuskod h\u00e4r. S\u00e5 h\u00e4r f\u00e5r du alltid ut det mesta av v\u00e5r bonuskod!<\/p>\n<h2><span style=\"font-size: 14pt;\">Jag letar efter en pokersajt att registrera mig p\u00e5.<\/span><\/h2>\n<p>Vi har testat de b\u00e4sta pokersajterna \u00e5t dig och ger rekommendationer och information om sajterna. Naturligtvis kan du helt enkelt v\u00e4lja sajten med den h\u00f6gsta bonusen, men bonusen b\u00f6r inte vara det enda kriteriet.<\/p>\n<p>Faktum \u00e4r att m\u00e5nga bonusar \u00e4r n\u00e4stan om\u00f6jliga f\u00f6r vanliga pokerspelare att tj\u00e4na och erbjuder relativt liten nytta. Detta beror p\u00e5 att du f\u00f6rst m\u00e5ste klara bonusen genom att samla spelarpo\u00e4ng genom att spela poker f\u00f6r riktiga pengar p\u00e5 sajten. Men de som s\u00e4llan spelar poker, eller bara med mycket sm\u00e5 insatser, kan bara delvis dra nytta av vissa onlinepokerbonusar. Bonusdelar som inte l\u00f6ses in f\u00f6rfaller efter en viss tidsperiod \u2013 vanligtvis efter 90 dagar.<\/p>\n<h2><span style=\"font-size: 14pt;\">B\u00e4sta onlinepokerbonus f\u00f6r nyb\u00f6rjare<\/span><\/h2>\n<p>S\u00e5 om du precis har b\u00f6rjat eller bara spelar ibland, b\u00f6r du prova bonusen p\u00e5 400 dollar fr\u00e5n 888 Poker, till exempel. \u00c4ven om den ligger strax under genomsnittet \u00e4r bonusl\u00f6senprocessen relativt snabb. F\u00f6rresten, du beh\u00f6ver inte ange en bonuskod h\u00e4r; vi har en speciell bonusl\u00e4nk, se nedan!<\/p>\n<p><a href=\"go\/888.html\" target=\"_blank\"><span style=\"text-decoration: underline;\"><strong>Klicka h\u00e4r f\u00f6r att g\u00e5 till 888 Poker<\/strong><\/span><\/a> \u2013 ladda ner och installera den kostnadsfria programvaran, skapa ett konto och du \u00e4r garanterad en bonus p\u00e5 400 dollar (upp till 100 % p\u00e5 din f\u00f6rsta ins\u00e4ttning). Du kan naturligtvis spela med l\u00e5tsaspengar f\u00f6rst och prova 888 riskfritt. Onlinepokerbonusen \u00e4r garanterad!<\/p>\n<h2><span style=\"font-size: 14pt;\">B\u00e4sta onlinepokerbonusen f\u00f6r frekventa spelare<\/span><\/h2>\n<p>F\u00f6r n\u00e5gon som vill spela mycket poker och kanske ocks\u00e5 l\u00e4gga sportspel rekommenderar vi Bet365. Pengarna som s\u00e4tts in h\u00e4r kan anv\u00e4ndas f\u00f6r poker, casino och sportspel utan st\u00f6rre anstr\u00e4ngning. Bonusen \u00e4r utm\u00e4rkt p\u00e5 250 % upp till 1 000 dollar, och varje sportspel och varje casinospel bidrar till bonusen.<\/p>\n<p><a href=\"go\/bet365.html\" target=\"_blank\"><strong><span style=\"text-decoration: underline;\">G\u00e5 till Bet365 Poker via den h\u00e4r l\u00e4nken,<\/span><\/strong><\/a> och den b\u00e4sta pokerbonuskoden f\u00f6r Bet365-bonusen p\u00e5 1 000 dollar \u00e4r COACH.<\/p>\n","protected":false},"excerpt":{"rendered":"<p>B\u00e4sta pokerbonuskoden f\u00f6r varje pokersajt B\u00e4sta pokerbonuskoden &#8211; varf\u00f6r \u00e4r det viktigt att alltid anv\u00e4nda de b\u00e4sta och senaste pokerbonuskoderna n\u00e4r man registrerar sig hos ett pokerrum online? Helt enkelt &#8211; eftersom onlinepokerleverant\u00f6rer st\u00e4ndigt erbjuder nya bonuserbjudanden och kampanjer, och bonuskoderna garanterar spelaren att de f\u00e5r den bonus de vill ha &#8211; den b\u00e4sta! Hur [&hellip;]<\/p>\n","protected":false},"author":2,"featured_media":0,"parent":0,"menu_order":0,"comment_status":"closed","ping_status":"closed","template":"","meta":{"footnotes":""},"class_list":["post-112","page","type-page","status-publish","hentry"],"yoast_head":"<!-- This site is optimized with the Yoast SEO plugin v26.0 - https:\/\/yoast.com\/wordpress\/plugins\/seo\/ -->\n<title>B\u00e4sta pokerbonusen De b\u00e4sta pokerbonusarna online<\/title>\n<meta name=\"robots\" content=\"index, follow, max-snippet:-1, max-image-preview:large, max-video-preview:-1\" \/>\n<link rel=\"canonical\" href=\"http:\/\/besterpokerbonus.net\/sv\/\" \/>\n<meta property=\"og:locale\" content=\"sv_SE\" \/>\n<meta property=\"og:type\" content=\"article\" \/>\n<meta property=\"og:title\" content=\"B\u00e4sta pokerbonusen De b\u00e4sta pokerbonusarna online\" \/>\n<meta property=\"og:description\" content=\"B\u00e4sta pokerbonuskoden f\u00f6r varje pokersajt B\u00e4sta pokerbonuskoden &#8211; varf\u00f6r \u00e4r det viktigt att alltid anv\u00e4nda de b\u00e4sta och senaste pokerbonuskoderna n\u00e4r man registrerar sig hos ett pokerrum online? Helt enkelt &#8211; eftersom onlinepokerleverant\u00f6rer st\u00e4ndigt erbjuder nya bonuserbjudanden och kampanjer, och bonuskoderna garanterar spelaren att de f\u00e5r den bonus de vill ha &#8211; den b\u00e4sta! Hur [&hellip;]\" \/>\n<meta property=\"og:url\" content=\"http:\/\/besterpokerbonus.net\/sv\/\" \/>\n<meta property=\"og:site_name\" content=\"No Blog Title Set\" \/>\n<meta name=\"twitter:card\" content=\"summary_large_image\" \/>\n<meta name=\"twitter:label1\" content=\"Ber\u00e4knad l\u00e4stid\" \/>\n\t<meta name=\"twitter:data1\" content=\"2 minuter\" \/>\n<script type=\"application\/ld+json\" class=\"yoast-schema-graph\">{\"@context\":\"https:\/\/schema.org\",\"@graph\":[{\"@type\":\"WebPage\",\"@id\":\"http:\/\/besterpokerbonus.net\/sv\/\",\"url\":\"http:\/\/besterpokerbonus.net\/sv\/\",\"name\":\"B\u00e4sta pokerbonusen De b\u00e4sta pokerbonusarna online\",\"isPartOf\":{\"@id\":\"http:\/\/besterpokerbonus.net\/sv\/#website\"},\"datePublished\":\"2025-07-25T13:22:03+00:00\",\"breadcrumb\":{\"@id\":\"http:\/\/besterpokerbonus.net\/sv\/#breadcrumb\"},\"inLanguage\":\"sv-SE\",\"potentialAction\":[{\"@type\":\"ReadAction\",\"target\":[\"http:\/\/besterpokerbonus.net\/sv\/\"]}]},{\"@type\":\"BreadcrumbList\",\"@id\":\"http:\/\/besterpokerbonus.net\/sv\/#breadcrumb\",\"itemListElement\":[{\"@type\":\"ListItem\",\"position\":1,\"name\":\"Home\",\"item\":\"http:\/\/besterpokerbonus.net\/sv\/\"},{\"@type\":\"ListItem\",\"position\":2,\"name\":\"Hem\"}]},{\"@type\":\"WebSite\",\"@id\":\"http:\/\/besterpokerbonus.net\/sv\/#website\",\"url\":\"http:\/\/besterpokerbonus.net\/sv\/\",\"name\":\"No Blog Title Set\",\"description\":\"besterpokerbouns\",\"potentialAction\":[{\"@type\":\"SearchAction\",\"target\":{\"@type\":\"EntryPoint\",\"urlTemplate\":\"http:\/\/besterpokerbonus.net\/sv\/?s={search_term_string}\"},\"query-input\":{\"@type\":\"PropertyValueSpecification\",\"valueRequired\":true,\"valueName\":\"search_term_string\"}}],\"inLanguage\":\"sv-SE\"}]}<\/script>\n<!-- \/ Yoast SEO plugin. -->","yoast_head_json":{"title":"B\u00e4sta pokerbonusen De b\u00e4sta pokerbonusarna online","robots":{"index":"index","follow":"follow","max-snippet":"max-snippet:-1","max-image-preview":"max-image-preview:large","max-video-preview":"max-video-preview:-1"},"canonical":"http:\/\/besterpokerbonus.net\/sv\/","og_locale":"sv_SE","og_type":"article","og_title":"B\u00e4sta pokerbonusen De b\u00e4sta pokerbonusarna online","og_description":"B\u00e4sta pokerbonuskoden f\u00f6r varje pokersajt B\u00e4sta pokerbonuskoden &#8211; varf\u00f6r \u00e4r det viktigt att alltid anv\u00e4nda de b\u00e4sta och senaste pokerbonuskoderna n\u00e4r man registrerar sig hos ett pokerrum online? Helt enkelt &#8211; eftersom onlinepokerleverant\u00f6rer st\u00e4ndigt erbjuder nya bonuserbjudanden och kampanjer, och bonuskoderna garanterar spelaren att de f\u00e5r den bonus de vill ha &#8211; den b\u00e4sta! Hur [&hellip;]","og_url":"http:\/\/besterpokerbonus.net\/sv\/","og_site_name":"No Blog Title Set","twitter_card":"summary_large_image","twitter_misc":{"Ber\u00e4knad l\u00e4stid":"2 minuter"},"schema":{"@context":"https:\/\/schema.org","@graph":[{"@type":"WebPage","@id":"http:\/\/besterpokerbonus.net\/sv\/","url":"http:\/\/besterpokerbonus.net\/sv\/","name":"B\u00e4sta pokerbonusen De b\u00e4sta pokerbonusarna online","isPartOf":{"@id":"http:\/\/besterpokerbonus.net\/sv\/#website"},"datePublished":"2025-07-25T13:22:03+00:00","breadcrumb":{"@id":"http:\/\/besterpokerbonus.net\/sv\/#breadcrumb"},"inLanguage":"sv-SE","potentialAction":[{"@type":"ReadAction","target":["http:\/\/besterpokerbonus.net\/sv\/"]}]},{"@type":"BreadcrumbList","@id":"http:\/\/besterpokerbonus.net\/sv\/#breadcrumb","itemListElement":[{"@type":"ListItem","position":1,"name":"Home","item":"http:\/\/besterpokerbonus.net\/sv\/"},{"@type":"ListItem","position":2,"name":"Hem"}]},{"@type":"WebSite","@id":"http:\/\/besterpokerbonus.net\/sv\/#website","url":"http:\/\/besterpokerbonus.net\/sv\/","name":"No Blog Title Set","description":"besterpokerbouns","potentialAction":[{"@type":"SearchAction","target":{"@type":"EntryPoint","urlTemplate":"http:\/\/besterpokerbonus.net\/sv\/?s={search_term_string}"},"query-input":{"@type":"PropertyValueSpecification","valueRequired":true,"valueName":"search_term_string"}}],"inLanguage":"sv-SE"}]}},"_links":{"self":[{"href":"http:\/\/besterpokerbonus.net\/sv\/wp-json\/wp\/v2\/pages\/112","targetHints":{"allow":["GET"]}}],"collection":[{"href":"http:\/\/besterpokerbonus.net\/sv\/wp-json\/wp\/v2\/pages"}],"about":[{"href":"http:\/\/besterpokerbonus.net\/sv\/wp-json\/wp\/v2\/types\/page"}],"author":[{"embeddable":true,"href":"http:\/\/besterpokerbonus.net\/sv\/wp-json\/wp\/v2\/users\/2"}],"replies":[{"embeddable":true,"href":"http:\/\/besterpokerbonus.net\/sv\/wp-json\/wp\/v2\/comments?post=112"}],"version-history":[{"count":0,"href":"http:\/\/besterpokerbonus.net\/sv\/wp-json\/wp\/v2\/pages\/112\/revisions"}],"wp:attachment":[{"href":"http:\/\/besterpokerbonus.net\/sv\/wp-json\/wp\/v2\/media?parent=112"}],"curies":[{"name":"wp","href":"https:\/\/api.w.org\/{rel}","templated":true}]}}